{"id":5647,"date":"2024-01-31T11:10:00","date_gmt":"2024-01-31T10:10:00","guid":{"rendered":"https:\/\/titaniumdental.pl\/metamorfoza-bogumily\/"},"modified":"2024-01-31T11:10:00","modified_gmt":"2024-01-31T10:10:00","slug":"metamorfoza-bogumily","status":"publish","type":"page","link":"https:\/\/titaniumdental.pl\/no\/metamorfoza-bogumily\/","title":{"rendered":"Metamorfoza Bogumi\u0142y"},"content":{"rendered":"<div class=\"wp-bootstrap-blocks-container container mb-2\">\n\t\n<div class=\"wp-bootstrap-blocks-row row\">\n\t\n\n<div class=\"col-12 col-sm-12 col-md-12 col-lg-12 col-xl-12 col-xxl-12\">\n\t\t\t\n\n<p class=\"has-text-align-center\" style=\"font-size:27px;font-style:italic;font-weight:500\">Metamorfoza<\/p>\n\n\n\n<h2 class=\"wp-block-heading has-text-align-center has-x-large-font-size\" style=\"font-style:normal;font-weight:800\">Bogumi\u0142y<\/h2>\n\n\t<\/div>\n\n\n\n<div class=\"col-12 col-md-6\">\n\t\t\t\t<\/div>\n\n<\/div>\n\n<\/div>\n\n\n<div class=\"wp-bootstrap-blocks-container container mb-2\">\n\t\n<div class=\"wp-bootstrap-blocks-row row\">\n\t\n\n<div class=\"col-12 col-sm-12 col-md-12 col-lg-12 col-xl-12 col-xxl-12\">\n\t\t\t\n<div class=\"wp-block-image\">\n<figure class=\"aligncenter size-full\"><img decoding=\"async\" width=\"71\" height=\"72\" src=\"https:\/\/titaniumdental.pl\/wp-content\/uploads\/2024\/01\/rectangle.png\" alt=\"\" class=\"wp-image-5110\"\/><\/figure><\/div>\n\t<\/div>\n\n\n\n<div class=\"col-12 col-md-6\">\n\t\t\t\t<\/div>\n\n<\/div>\n\n<\/div>\n\n\n<div class=\"wp-bootstrap-blocks-container container mb-2\">\n\t\n\n<div style=\"height:45px\" aria-hidden=\"true\" class=\"wp-block-spacer\"><\/div>\n\n\n<div class=\"wp-bootstrap-blocks-row row\">\n\t\n\n<div class=\"col-12 col-md-8 col-xxl-9 offset-md-2\">\n\t\t\t\n<div class=\"wp-block-image\">\n<figure class=\"aligncenter size-full\"><img fetchpriority=\"high\" decoding=\"async\" width=\"800\" height=\"534\" src=\"https:\/\/titaniumdental.pl\/wp-content\/uploads\/2024\/01\/bogumila-1.jpg\" alt=\"\" class=\"wp-image-5576\" srcset=\"https:\/\/titaniumdental.pl\/wp-content\/uploads\/2024\/01\/bogumila-1.jpg 800w, https:\/\/titaniumdental.pl\/wp-content\/uploads\/2024\/01\/bogumila-1-300x200.jpg 300w, https:\/\/titaniumdental.pl\/wp-content\/uploads\/2024\/01\/bogumila-1-768x513.jpg 768w\" sizes=\"(max-width: 800px) 100vw, 800px\" \/><\/figure><\/div>\n\t<\/div>\n\n<\/div>\n\n\n\n<div style=\"height:20px\" aria-hidden=\"true\" class=\"wp-block-spacer\"><\/div>\n\n<\/div>\n\n\n<div class=\"wp-bootstrap-blocks-container container mb-2\">\n\t\n<div class=\"wp-bootstrap-blocks-row row\">\n\t\n\n<div class=\"col-12 col-sm-12 col-md-12 col-lg-12 col-xl-12 col-xxl-12\">\n\t\t\t<div class=\"p-5\">\n\t\t\t\n\n<p class=\"has-medium-font-size\" style=\"font-style:normal;font-weight:800\">Opis metamorfozy<\/p>\n\n\n\n<hr class=\"wp-block-separator has-alpha-channel-opacity is-style-default wp-block-separator-next\"\/>\n\n\n\n<p>To jest przypadek szczeg\u00f3lny. Pacjentka zg\u0142osi\u0142a si\u0119 do nas godzin\u0119 (!) po zako\u0144czonym leczeniu implantoprotetycznym w innym gabinecie, gdzie mimo wielu przymiarek i korekt straci\u0142a nadziej\u0119, \u017ce uzyska wymarzony efekt.<\/p>\n\n\n\n<p>Dowiedzia\u0142a si\u0119 od znajomej, \u017ce na Gda\u0144skiej Zaspie s\u0105 &raquo; magicy od implant\u00f3w &raquo; i zg\u0142osi\u0142a si\u0119 do Titanium Dental.<\/p>\n\n\n\n<p>Wymieni\u0142em pacjentce \u201estare\u201d uzupe\u0142nienie na implantach zast\u0119puj\u0105c je odbudow\u0105 pe\u0142noceramiczn\u0105 do z\u0142udzenia przypominaj\u0105c\u0105 w\u0142asne z\u0119by.&nbsp;<\/p>\n\n\n\n<p>Pacjentka nie mieszka na sta\u0142e w Polsce, co nie by\u0142o dla nas przeszkod\u0105 i dzi\u0119ki wieloletniej bliskiej wsp\u00f3\u0142pracy z najlepszym laboratorium na pomorzu zdo\u0142ali\u015bmy wszystko wykona\u0107 w czasie kr\u00f3tkiego pobytu pacjentki w Gda\u0144sku<\/p>\n\n\n\n<p>A Tobie kt\u00f3re z\u0119by si\u0119 bardziej podobaj\u0105? :)<\/p>\n\n\n\n<p><\/p>\n\n\n\n<div class=\"wp-block-buttons is-layout-flex wp-block-buttons-is-layout-flex\">\n<div class=\"wp-block-button has-custom-width wp-block-button__width-100 is-style-fill\" style=\"font-style:normal;font-weight:400\"><a class=\"wp-block-button__link has-white-color has-text-color has-background has-link-color wp-element-button\" href=\"https:\/\/titaniumdental.pl\/no\/kontakt-oss\/\" style=\"border-radius:0px;background-color:#be9d6b\">Um\u00f3w si\u0119 na metamorfoz\u0119<\/a><\/div>\n<\/div>\n\n\t\t<\/div>\n\t<\/div>\n\n\n\n<div class=\"col-12 col-md-6\">\n\t\t\t\t<\/div>\n\n<\/div>\n\n<\/div>\n\n\n<div class=\"wp-bootstrap-blocks-container container-fluid mb-2\">\n\t\n\n<div style=\"height:45px\" aria-hidden=\"true\" class=\"wp-block-spacer\"><\/div>\n\n\n<div class=\"wp-bootstrap-blocks-row row\">\n\t\n\n<div class=\"col-12 col-md-7\">\n\t\t\t\n\n<figure class=\"wp-block-image size-full my-0\"><img decoding=\"async\" width=\"638\" height=\"426\" src=\"https:\/\/titaniumdental.pl\/wp-content\/uploads\/2024\/01\/bogumila-2.jpg\" alt=\"\" class=\"wp-image-5585\" srcset=\"https:\/\/titaniumdental.pl\/wp-content\/uploads\/2024\/01\/bogumila-2.jpg 638w, https:\/\/titaniumdental.pl\/wp-content\/uploads\/2024\/01\/bogumila-2-300x200.jpg 300w\" sizes=\"(max-width: 638px) 100vw, 638px\" \/><\/figure>\n\n\n\n<p class=\"has-text-align-center bg-met py-3\">Po metamorfozie<\/p>\n\n\t<\/div>\n\n\n\n<div class=\"col-12 col-md-5\">\n\t\t\t\n\n<figure class=\"wp-block-image size-full my-0 width-100\"><img loading=\"lazy\" decoding=\"async\" width=\"450\" height=\"301\" src=\"https:\/\/titaniumdental.pl\/wp-content\/uploads\/2024\/01\/bogumila-po2.jpg\" alt=\"\" class=\"wp-image-5582\" srcset=\"https:\/\/titaniumdental.pl\/wp-content\/uploads\/2024\/01\/bogumila-po2.jpg 450w, https:\/\/titaniumdental.pl\/wp-content\/uploads\/2024\/01\/bogumila-po2-300x201.jpg 300w\" sizes=\"(max-width: 450px) 100vw, 450px\" \/><\/figure>\n\n\n\n<p class=\"has-text-align-center bg-met py-3\">Przed metamorfoz\u0105<\/p>\n\n\t<\/div>\n\n<\/div>\n\n<\/div>\n\n\n<div class=\"wp-bootstrap-blocks-container container mb-2\">\n\t\n<div class=\"wp-bootstrap-blocks-row row\">\n\t\n\n<div class=\"col-12 col-sm-12 col-md-12 col-lg-12 col-xl-12 col-xxl-12\">\n\t\t\t<div class=\"p-5\">\n\t\t\t\n\n<p class=\"has-medium-font-size\" style=\"font-style:normal;font-weight:800\">Lekarz prowadz\u0105cy<\/p>\n\n\n\n<hr class=\"wp-block-separator has-alpha-channel-opacity is-style-default wp-block-separator-next\"\/>\n\n\t\t<\/div>\n\t<\/div>\n\n<\/div>\n\n<\/div>\n\n\n<div class=\"wp-bootstrap-blocks-container container mb-2\">\n\t\n<div class=\"wp-bootstrap-blocks-row row\">\n\t\n\n<div class=\"col-3 col-sm-3 col-md-2 col-lg-2 col-xl-2 col-xxl-2\">\n\t\t\t\n\n<figure class=\"wp-block-image size-full py-0\"><img loading=\"lazy\" decoding=\"async\" width=\"400\" height=\"400\" src=\"https:\/\/titaniumdental.pl\/wp-content\/uploads\/2024\/01\/leszek-strozyk.png\" alt=\"\" class=\"wp-image-5526\" srcset=\"https:\/\/titaniumdental.pl\/wp-content\/uploads\/2024\/01\/leszek-strozyk.png 400w, https:\/\/titaniumdental.pl\/wp-content\/uploads\/2024\/01\/leszek-strozyk-300x300.png 300w, https:\/\/titaniumdental.pl\/wp-content\/uploads\/2024\/01\/leszek-strozyk-150x150.png 150w\" sizes=\"(max-width: 400px) 100vw, 400px\" \/><\/figure>\n\n\t<\/div>\n\n\n\n<div class=\"col-9 col-sm-9 col-md-9 col-lg-9 col-xl-9 col-xxl-9\">\n\t\t\t\n\n<p class=\"mt-4 has-black-color has-text-color has-link-color has-medium-font-size wp-elements-55014bcf489a3f6d2ecc6e38c2903184\" style=\"font-style:normal;font-weight:800\"><a href=\"https:\/\/titaniumdental.pl\/en\/zespol\/leszek-strozyk\/\">Leszek Str\u00f3\u017cyk<\/a><\/p>\n\n\n\n<p class=\"has-text-color has-link-color has-medium-font-size wp-elements-e54559eb6be2421f7ef6ef897e23eb41\" style=\"color:#be9d6b;font-style:normal;font-weight:400\">lekarz dentysta<\/p>\n\n\n\n<div style=\"height:100px\" aria-hidden=\"true\" class=\"wp-block-spacer\"><\/div>\n\n\t<\/div>\n\n<\/div>\n\n<\/div>\n","protected":false},"excerpt":{"rendered":"","protected":false},"author":2,"featured_media":0,"parent":0,"menu_order":0,"comment_status":"closed","ping_status":"closed","template":"page-templates\/other.php","meta":{"_acf_changed":false,"footnotes":""},"class_list":["post-5647","page","type-page","status-publish","hentry"],"acf":[],"yoast_head":"<!-- This site is optimized with the Yoast SEO plugin v23.9 - https:\/\/yoast.com\/wordpress\/plugins\/seo\/ -->\n<title>Metamorfoza Bogumi\u0142y - Titanium Dental<\/title>\n<meta name=\"robots\" content=\"index, follow, max-snippet:-1, max-image-preview:large, max-video-preview:-1\" \/>\n<link rel=\"canonical\" href=\"https:\/\/titaniumdental.pl\/metamorfoza-bogumily\/\" \/>\n<meta property=\"og:locale\" content=\"nb_NO\" \/>\n<meta property=\"og:type\" content=\"article\" \/>\n<meta property=\"og:title\" content=\"Metamorfoza Bogumi\u0142y - Titanium Dental\" \/>\n<meta property=\"og:url\" content=\"https:\/\/titaniumdental.pl\/metamorfoza-bogumily\/\" \/>\n<meta property=\"og:site_name\" content=\"Titanium Dental\" \/>\n<meta property=\"og:image\" content=\"https:\/\/titaniumdental.pl\/wp-content\/uploads\/2024\/01\/rectangle.png\" \/>\n<meta name=\"twitter:card\" content=\"summary_large_image\" \/>\n<meta name=\"twitter:label1\" content=\"Ansl. lesetid\" \/>\n\t<meta name=\"twitter:data1\" content=\"2 minutter\" \/>\n<script type=\"application\/ld+json\" class=\"yoast-schema-graph\">{\"@context\":\"https:\/\/schema.org\",\"@graph\":[{\"@type\":\"WebPage\",\"@id\":\"https:\/\/titaniumdental.pl\/metamorfoza-bogumily\/\",\"url\":\"https:\/\/titaniumdental.pl\/metamorfoza-bogumily\/\",\"name\":\"Metamorfoza Bogumi\u0142y - Titanium Dental\",\"isPartOf\":{\"@id\":\"https:\/\/titaniumdental.pl\/#website\"},\"primaryImageOfPage\":{\"@id\":\"https:\/\/titaniumdental.pl\/metamorfoza-bogumily\/#primaryimage\"},\"image\":{\"@id\":\"https:\/\/titaniumdental.pl\/metamorfoza-bogumily\/#primaryimage\"},\"thumbnailUrl\":\"https:\/\/titaniumdental.pl\/wp-content\/uploads\/2024\/01\/rectangle.png\",\"datePublished\":\"2024-01-31T10:10:00+00:00\",\"dateModified\":\"2024-01-31T10:10:00+00:00\",\"breadcrumb\":{\"@id\":\"https:\/\/titaniumdental.pl\/metamorfoza-bogumily\/#breadcrumb\"},\"inLanguage\":\"nb-NO\",\"potentialAction\":[{\"@type\":\"ReadAction\",\"target\":[\"https:\/\/titaniumdental.pl\/metamorfoza-bogumily\/\"]}]},{\"@type\":\"ImageObject\",\"inLanguage\":\"nb-NO\",\"@id\":\"https:\/\/titaniumdental.pl\/metamorfoza-bogumily\/#primaryimage\",\"url\":\"https:\/\/titaniumdental.pl\/wp-content\/uploads\/2024\/01\/rectangle.png\",\"contentUrl\":\"https:\/\/titaniumdental.pl\/wp-content\/uploads\/2024\/01\/rectangle.png\"},{\"@type\":\"BreadcrumbList\",\"@id\":\"https:\/\/titaniumdental.pl\/metamorfoza-bogumily\/#breadcrumb\",\"itemListElement\":[{\"@type\":\"ListItem\",\"position\":1,\"name\":\"Strona g\u0142\u00f3wna\",\"item\":\"https:\/\/titaniumdental.pl\/no\/\"},{\"@type\":\"ListItem\",\"position\":2,\"name\":\"Metamorfoza Bogumi\u0142y\"}]},{\"@type\":\"WebSite\",\"@id\":\"https:\/\/titaniumdental.pl\/#website\",\"url\":\"https:\/\/titaniumdental.pl\/\",\"name\":\"Titanium Dental\",\"description\":\"Klinika dentystyczna\",\"publisher\":{\"@id\":\"https:\/\/titaniumdental.pl\/#organization\"},\"potentialAction\":[{\"@type\":\"SearchAction\",\"target\":{\"@type\":\"EntryPoint\",\"urlTemplate\":\"https:\/\/titaniumdental.pl\/?s={search_term_string}\"},\"query-input\":{\"@type\":\"PropertyValueSpecification\",\"valueRequired\":true,\"valueName\":\"search_term_string\"}}],\"inLanguage\":\"nb-NO\"},{\"@type\":\"Organization\",\"@id\":\"https:\/\/titaniumdental.pl\/#organization\",\"name\":\"Titanium Dental\",\"url\":\"https:\/\/titaniumdental.pl\/\",\"logo\":{\"@type\":\"ImageObject\",\"inLanguage\":\"nb-NO\",\"@id\":\"https:\/\/titaniumdental.pl\/#\/schema\/logo\/image\/\",\"url\":\"https:\/\/titaniumdental.pl\/wp-content\/uploads\/2020\/02\/titaniumdental-logo.svg\",\"contentUrl\":\"https:\/\/titaniumdental.pl\/wp-content\/uploads\/2020\/02\/titaniumdental-logo.svg\",\"width\":182,\"height\":54,\"caption\":\"Titanium Dental\"},\"image\":{\"@id\":\"https:\/\/titaniumdental.pl\/#\/schema\/logo\/image\/\"}}]}<\/script>\n<!-- \/ Yoast SEO plugin. -->","yoast_head_json":{"title":"Metamorfoza Bogumi\u0142y - Titanium Dental","robots":{"index":"index","follow":"follow","max-snippet":"max-snippet:-1","max-image-preview":"max-image-preview:large","max-video-preview":"max-video-preview:-1"},"canonical":"https:\/\/titaniumdental.pl\/metamorfoza-bogumily\/","og_locale":"nb_NO","og_type":"article","og_title":"Metamorfoza Bogumi\u0142y - Titanium Dental","og_url":"https:\/\/titaniumdental.pl\/metamorfoza-bogumily\/","og_site_name":"Titanium Dental","og_image":[{"url":"https:\/\/titaniumdental.pl\/wp-content\/uploads\/2024\/01\/rectangle.png"}],"twitter_card":"summary_large_image","twitter_misc":{"Ansl. lesetid":"2 minutter"},"schema":{"@context":"https:\/\/schema.org","@graph":[{"@type":"WebPage","@id":"https:\/\/titaniumdental.pl\/metamorfoza-bogumily\/","url":"https:\/\/titaniumdental.pl\/metamorfoza-bogumily\/","name":"Metamorfoza Bogumi\u0142y - Titanium Dental","isPartOf":{"@id":"https:\/\/titaniumdental.pl\/#website"},"primaryImageOfPage":{"@id":"https:\/\/titaniumdental.pl\/metamorfoza-bogumily\/#primaryimage"},"image":{"@id":"https:\/\/titaniumdental.pl\/metamorfoza-bogumily\/#primaryimage"},"thumbnailUrl":"https:\/\/titaniumdental.pl\/wp-content\/uploads\/2024\/01\/rectangle.png","datePublished":"2024-01-31T10:10:00+00:00","dateModified":"2024-01-31T10:10:00+00:00","breadcrumb":{"@id":"https:\/\/titaniumdental.pl\/metamorfoza-bogumily\/#breadcrumb"},"inLanguage":"nb-NO","potentialAction":[{"@type":"ReadAction","target":["https:\/\/titaniumdental.pl\/metamorfoza-bogumily\/"]}]},{"@type":"ImageObject","inLanguage":"nb-NO","@id":"https:\/\/titaniumdental.pl\/metamorfoza-bogumily\/#primaryimage","url":"https:\/\/titaniumdental.pl\/wp-content\/uploads\/2024\/01\/rectangle.png","contentUrl":"https:\/\/titaniumdental.pl\/wp-content\/uploads\/2024\/01\/rectangle.png"},{"@type":"BreadcrumbList","@id":"https:\/\/titaniumdental.pl\/metamorfoza-bogumily\/#breadcrumb","itemListElement":[{"@type":"ListItem","position":1,"name":"Strona g\u0142\u00f3wna","item":"https:\/\/titaniumdental.pl\/no\/"},{"@type":"ListItem","position":2,"name":"Metamorfoza Bogumi\u0142y"}]},{"@type":"WebSite","@id":"https:\/\/titaniumdental.pl\/#website","url":"https:\/\/titaniumdental.pl\/","name":"Titanium Dental","description":"Klinika dentystyczna","publisher":{"@id":"https:\/\/titaniumdental.pl\/#organization"},"potentialAction":[{"@type":"SearchAction","target":{"@type":"EntryPoint","urlTemplate":"https:\/\/titaniumdental.pl\/?s={search_term_string}"},"query-input":{"@type":"PropertyValueSpecification","valueRequired":true,"valueName":"search_term_string"}}],"inLanguage":"nb-NO"},{"@type":"Organization","@id":"https:\/\/titaniumdental.pl\/#organization","name":"Titanium Dental","url":"https:\/\/titaniumdental.pl\/","logo":{"@type":"ImageObject","inLanguage":"nb-NO","@id":"https:\/\/titaniumdental.pl\/#\/schema\/logo\/image\/","url":"https:\/\/titaniumdental.pl\/wp-content\/uploads\/2020\/02\/titaniumdental-logo.svg","contentUrl":"https:\/\/titaniumdental.pl\/wp-content\/uploads\/2020\/02\/titaniumdental-logo.svg","width":182,"height":54,"caption":"Titanium Dental"},"image":{"@id":"https:\/\/titaniumdental.pl\/#\/schema\/logo\/image\/"}}]}},"_links":{"self":[{"href":"https:\/\/titaniumdental.pl\/no\/wp-json\/wp\/v2\/pages\/5647"}],"collection":[{"href":"https:\/\/titaniumdental.pl\/no\/wp-json\/wp\/v2\/pages"}],"about":[{"href":"https:\/\/titaniumdental.pl\/no\/wp-json\/wp\/v2\/types\/page"}],"author":[{"embeddable":true,"href":"https:\/\/titaniumdental.pl\/no\/wp-json\/wp\/v2\/users\/2"}],"replies":[{"embeddable":true,"href":"https:\/\/titaniumdental.pl\/no\/wp-json\/wp\/v2\/comments?post=5647"}],"version-history":[{"count":0,"href":"https:\/\/titaniumdental.pl\/no\/wp-json\/wp\/v2\/pages\/5647\/revisions"}],"wp:attachment":[{"href":"https:\/\/titaniumdental.pl\/no\/wp-json\/wp\/v2\/media?parent=5647"}],"curies":[{"name":"wp","href":"https:\/\/api.w.org\/{rel}","templated":true}]}}