{"id":3146,"date":"2020-12-29T12:59:18","date_gmt":"2020-12-29T11:59:18","guid":{"rendered":"https:\/\/titaniumdental.pl\/?page_id=3146"},"modified":"2020-12-29T13:02:32","modified_gmt":"2020-12-29T12:02:32","slug":"vart-team","status":"publish","type":"page","link":"https:\/\/titaniumdental.pl\/no\/vart-team\/","title":{"rendered":"V\u00e5rt team"},"content":{"rendered":"<h3>La oss bli kjent med hverandre<\/h3>\n<p>Velkommen til Titanium Dental Clinic, hvor en gruppe fagpersoner gj\u00f8r dr\u00f8mmer om et vakkert smil til virkelighet. Kan du forestille deg effekten etter metamorfosen?<br \/>\nFortell oss om det, og vi vil gj\u00f8re v\u00e5rt beste for \u00e5 gj\u00f8re forventningene dine til virkelighet! V\u00e5r mange\u00e5rige erfaring kombinert med moderne utstyr og produkter av h\u00f8y kvalitet er en garanti for suksess.<\/p>\n","protected":false},"excerpt":{"rendered":"<p>La oss bli kjent med hverandre Velkommen til Titanium Dental Clinic, hvor en gruppe fagpersoner gj\u00f8r dr\u00f8mmer om et vakkert smil til virkelighet. Kan du forestille deg effekten etter metamorfosen? Fortell oss om det, og vi vil gj\u00f8re v\u00e5rt beste for \u00e5 gj\u00f8re forventningene dine til virkelighet! V\u00e5r mange\u00e5rige erfaring kombinert med moderne utstyr og<\/p>\n","protected":false},"author":1,"featured_media":1997,"parent":0,"menu_order":0,"comment_status":"closed","ping_status":"closed","template":"page-templates\/team.php","meta":{"_acf_changed":false,"footnotes":""},"class_list":["post-3146","page","type-page","status-publish","has-post-thumbnail","hentry"],"acf":[],"yoast_head":"<!-- This site is optimized with the Yoast SEO plugin v23.9 - https:\/\/yoast.com\/wordpress\/plugins\/seo\/ -->\n<title>V\u00e5rt team - Titanium Dental<\/title>\n<meta name=\"robots\" content=\"index, follow, max-snippet:-1, max-image-preview:large, max-video-preview:-1\" \/>\n<link rel=\"canonical\" href=\"https:\/\/titaniumdental.pl\/nasz-zespol\/\" \/>\n<meta property=\"og:locale\" content=\"nb_NO\" \/>\n<meta property=\"og:type\" content=\"article\" \/>\n<meta property=\"og:title\" content=\"V\u00e5rt team - Titanium Dental\" \/>\n<meta property=\"og:description\" content=\"La oss bli kjent med hverandre Velkommen til Titanium Dental Clinic, hvor en gruppe fagpersoner gj\u00f8r dr\u00f8mmer om et vakkert smil til virkelighet. Kan du forestille deg effekten etter metamorfosen? Fortell oss om det, og vi vil gj\u00f8re v\u00e5rt beste for \u00e5 gj\u00f8re forventningene dine til virkelighet! V\u00e5r mange\u00e5rige erfaring kombinert med moderne utstyr og\" \/>\n<meta property=\"og:url\" content=\"https:\/\/titaniumdental.pl\/nasz-zespol\/\" \/>\n<meta property=\"og:site_name\" content=\"Titanium Dental\" \/>\n<meta property=\"article:modified_time\" content=\"2020-12-29T12:02:32+00:00\" \/>\n<meta property=\"og:image\" content=\"https:\/\/titaniumdental.pl\/wp-content\/uploads\/2020\/09\/DSC_8051c-e1601279262311.jpg\" \/>\n\t<meta property=\"og:image:width\" content=\"2560\" \/>\n\t<meta property=\"og:image:height\" content=\"855\" \/>\n\t<meta property=\"og:image:type\" content=\"image\/jpeg\" \/>\n<meta name=\"twitter:card\" content=\"summary_large_image\" \/>\n<script type=\"application\/ld+json\" class=\"yoast-schema-graph\">{\"@context\":\"https:\/\/schema.org\",\"@graph\":[{\"@type\":\"WebPage\",\"@id\":\"https:\/\/titaniumdental.pl\/nasz-zespol\/\",\"url\":\"https:\/\/titaniumdental.pl\/nasz-zespol\/\",\"name\":\"V\u00e5rt team - Titanium Dental\",\"isPartOf\":{\"@id\":\"https:\/\/titaniumdental.pl\/#website\"},\"primaryImageOfPage\":{\"@id\":\"https:\/\/titaniumdental.pl\/nasz-zespol\/#primaryimage\"},\"image\":{\"@id\":\"https:\/\/titaniumdental.pl\/nasz-zespol\/#primaryimage\"},\"thumbnailUrl\":\"https:\/\/titaniumdental.pl\/wp-content\/uploads\/2020\/09\/DSC_8051c-e1601279262311.jpg\",\"datePublished\":\"2020-12-29T11:59:18+00:00\",\"dateModified\":\"2020-12-29T12:02:32+00:00\",\"breadcrumb\":{\"@id\":\"https:\/\/titaniumdental.pl\/nasz-zespol\/#breadcrumb\"},\"inLanguage\":\"nb-NO\",\"potentialAction\":[{\"@type\":\"ReadAction\",\"target\":[\"https:\/\/titaniumdental.pl\/nasz-zespol\/\"]}]},{\"@type\":\"ImageObject\",\"inLanguage\":\"nb-NO\",\"@id\":\"https:\/\/titaniumdental.pl\/nasz-zespol\/#primaryimage\",\"url\":\"https:\/\/titaniumdental.pl\/wp-content\/uploads\/2020\/09\/DSC_8051c-e1601279262311.jpg\",\"contentUrl\":\"https:\/\/titaniumdental.pl\/wp-content\/uploads\/2020\/09\/DSC_8051c-e1601279262311.jpg\",\"width\":2560,\"height\":855},{\"@type\":\"BreadcrumbList\",\"@id\":\"https:\/\/titaniumdental.pl\/nasz-zespol\/#breadcrumb\",\"itemListElement\":[{\"@type\":\"ListItem\",\"position\":1,\"name\":\"Strona g\u0142\u00f3wna\",\"item\":\"https:\/\/titaniumdental.pl\/no\/\"},{\"@type\":\"ListItem\",\"position\":2,\"name\":\"V\u00e5rt team\"}]},{\"@type\":\"WebSite\",\"@id\":\"https:\/\/titaniumdental.pl\/#website\",\"url\":\"https:\/\/titaniumdental.pl\/\",\"name\":\"Titanium Dental\",\"description\":\"Klinika dentystyczna\",\"publisher\":{\"@id\":\"https:\/\/titaniumdental.pl\/#organization\"},\"potentialAction\":[{\"@type\":\"SearchAction\",\"target\":{\"@type\":\"EntryPoint\",\"urlTemplate\":\"https:\/\/titaniumdental.pl\/?s={search_term_string}\"},\"query-input\":{\"@type\":\"PropertyValueSpecification\",\"valueRequired\":true,\"valueName\":\"search_term_string\"}}],\"inLanguage\":\"nb-NO\"},{\"@type\":\"Organization\",\"@id\":\"https:\/\/titaniumdental.pl\/#organization\",\"name\":\"Titanium Dental\",\"url\":\"https:\/\/titaniumdental.pl\/\",\"logo\":{\"@type\":\"ImageObject\",\"inLanguage\":\"nb-NO\",\"@id\":\"https:\/\/titaniumdental.pl\/#\/schema\/logo\/image\/\",\"url\":\"https:\/\/titaniumdental.pl\/wp-content\/uploads\/2020\/02\/titaniumdental-logo.svg\",\"contentUrl\":\"https:\/\/titaniumdental.pl\/wp-content\/uploads\/2020\/02\/titaniumdental-logo.svg\",\"width\":182,\"height\":54,\"caption\":\"Titanium Dental\"},\"image\":{\"@id\":\"https:\/\/titaniumdental.pl\/#\/schema\/logo\/image\/\"}}]}<\/script>\n<!-- \/ Yoast SEO plugin. -->","yoast_head_json":{"title":"V\u00e5rt team - Titanium Dental","robots":{"index":"index","follow":"follow","max-snippet":"max-snippet:-1","max-image-preview":"max-image-preview:large","max-video-preview":"max-video-preview:-1"},"canonical":"https:\/\/titaniumdental.pl\/nasz-zespol\/","og_locale":"nb_NO","og_type":"article","og_title":"V\u00e5rt team - Titanium Dental","og_description":"La oss bli kjent med hverandre Velkommen til Titanium Dental Clinic, hvor en gruppe fagpersoner gj\u00f8r dr\u00f8mmer om et vakkert smil til virkelighet. Kan du forestille deg effekten etter metamorfosen? Fortell oss om det, og vi vil gj\u00f8re v\u00e5rt beste for \u00e5 gj\u00f8re forventningene dine til virkelighet! V\u00e5r mange\u00e5rige erfaring kombinert med moderne utstyr og","og_url":"https:\/\/titaniumdental.pl\/nasz-zespol\/","og_site_name":"Titanium Dental","article_modified_time":"2020-12-29T12:02:32+00:00","og_image":[{"width":2560,"height":855,"url":"https:\/\/titaniumdental.pl\/wp-content\/uploads\/2020\/09\/DSC_8051c-e1601279262311.jpg","type":"image\/jpeg"}],"twitter_card":"summary_large_image","schema":{"@context":"https:\/\/schema.org","@graph":[{"@type":"WebPage","@id":"https:\/\/titaniumdental.pl\/nasz-zespol\/","url":"https:\/\/titaniumdental.pl\/nasz-zespol\/","name":"V\u00e5rt team - Titanium Dental","isPartOf":{"@id":"https:\/\/titaniumdental.pl\/#website"},"primaryImageOfPage":{"@id":"https:\/\/titaniumdental.pl\/nasz-zespol\/#primaryimage"},"image":{"@id":"https:\/\/titaniumdental.pl\/nasz-zespol\/#primaryimage"},"thumbnailUrl":"https:\/\/titaniumdental.pl\/wp-content\/uploads\/2020\/09\/DSC_8051c-e1601279262311.jpg","datePublished":"2020-12-29T11:59:18+00:00","dateModified":"2020-12-29T12:02:32+00:00","breadcrumb":{"@id":"https:\/\/titaniumdental.pl\/nasz-zespol\/#breadcrumb"},"inLanguage":"nb-NO","potentialAction":[{"@type":"ReadAction","target":["https:\/\/titaniumdental.pl\/nasz-zespol\/"]}]},{"@type":"ImageObject","inLanguage":"nb-NO","@id":"https:\/\/titaniumdental.pl\/nasz-zespol\/#primaryimage","url":"https:\/\/titaniumdental.pl\/wp-content\/uploads\/2020\/09\/DSC_8051c-e1601279262311.jpg","contentUrl":"https:\/\/titaniumdental.pl\/wp-content\/uploads\/2020\/09\/DSC_8051c-e1601279262311.jpg","width":2560,"height":855},{"@type":"BreadcrumbList","@id":"https:\/\/titaniumdental.pl\/nasz-zespol\/#breadcrumb","itemListElement":[{"@type":"ListItem","position":1,"name":"Strona g\u0142\u00f3wna","item":"https:\/\/titaniumdental.pl\/no\/"},{"@type":"ListItem","position":2,"name":"V\u00e5rt team"}]},{"@type":"WebSite","@id":"https:\/\/titaniumdental.pl\/#website","url":"https:\/\/titaniumdental.pl\/","name":"Titanium Dental","description":"Klinika dentystyczna","publisher":{"@id":"https:\/\/titaniumdental.pl\/#organization"},"potentialAction":[{"@type":"SearchAction","target":{"@type":"EntryPoint","urlTemplate":"https:\/\/titaniumdental.pl\/?s={search_term_string}"},"query-input":{"@type":"PropertyValueSpecification","valueRequired":true,"valueName":"search_term_string"}}],"inLanguage":"nb-NO"},{"@type":"Organization","@id":"https:\/\/titaniumdental.pl\/#organization","name":"Titanium Dental","url":"https:\/\/titaniumdental.pl\/","logo":{"@type":"ImageObject","inLanguage":"nb-NO","@id":"https:\/\/titaniumdental.pl\/#\/schema\/logo\/image\/","url":"https:\/\/titaniumdental.pl\/wp-content\/uploads\/2020\/02\/titaniumdental-logo.svg","contentUrl":"https:\/\/titaniumdental.pl\/wp-content\/uploads\/2020\/02\/titaniumdental-logo.svg","width":182,"height":54,"caption":"Titanium Dental"},"image":{"@id":"https:\/\/titaniumdental.pl\/#\/schema\/logo\/image\/"}}]}},"_links":{"self":[{"href":"https:\/\/titaniumdental.pl\/no\/wp-json\/wp\/v2\/pages\/3146"}],"collection":[{"href":"https:\/\/titaniumdental.pl\/no\/wp-json\/wp\/v2\/pages"}],"about":[{"href":"https:\/\/titaniumdental.pl\/no\/wp-json\/wp\/v2\/types\/page"}],"author":[{"embeddable":true,"href":"https:\/\/titaniumdental.pl\/no\/wp-json\/wp\/v2\/users\/1"}],"replies":[{"embeddable":true,"href":"https:\/\/titaniumdental.pl\/no\/wp-json\/wp\/v2\/comments?post=3146"}],"version-history":[{"count":0,"href":"https:\/\/titaniumdental.pl\/no\/wp-json\/wp\/v2\/pages\/3146\/revisions"}],"wp:featuredmedia":[{"embeddable":true,"href":"https:\/\/titaniumdental.pl\/no\/wp-json\/wp\/v2\/media\/1997"}],"wp:attachment":[{"href":"https:\/\/titaniumdental.pl\/no\/wp-json\/wp\/v2\/media?parent=3146"}],"curies":[{"name":"wp","href":"https:\/\/api.w.org\/{rel}","templated":true}]}}