{"id":3132,"date":"2020-12-29T12:36:11","date_gmt":"2020-12-29T11:36:11","guid":{"rendered":"https:\/\/titaniumdental.pl\/?page_id=3132"},"modified":"2020-12-29T12:43:19","modified_gmt":"2020-12-29T11:43:19","slug":"dental-trip","status":"publish","type":"page","link":"https:\/\/titaniumdental.pl\/no\/dental-trip\/","title":{"rendered":"Dental Trip"},"content":{"rendered":"<h2>Du er n\u00e6rmere oss enn du tror. Avstand spiller ingen rolle.<\/h2>\n<p>Hvis du er klar for et vakkert og sunt smil, er ikke avstand en barriere. Vi vil utarbeide en behandlingsplan for deg, arrangere overnatting og bo p\u00e5 klinikken. Vi vil ogs\u00e5 gi deg praktisk og sikker transport fra flyplassen. Under oppholdet vil du v\u00e6re under omsorg av et team av tannleger som trinn for trinn implementerer metamorfosen din og gj\u00f8r dine forventninger til virkelighet.<\/p>\n<p>Og p\u00e5 fritiden oppfordrer vi deg til \u00e5 utforske hjertet av Trippelbyen. Gda\u0144sk vil glede deg ikke bare med sin gamle arkitektur og n\u00e6rhet til havet, men ogs\u00e5 med moderne bygninger, kafeer, restauranter og gr\u00f8nne parker.<\/p>\n","protected":false},"excerpt":{"rendered":"<p>Du er n\u00e6rmere oss enn du tror. Avstand spiller ingen rolle. Hvis du er klar for et vakkert og sunt smil, er ikke avstand en barriere. Vi vil utarbeide en behandlingsplan for deg, arrangere overnatting og bo p\u00e5 klinikken. Vi vil ogs\u00e5 gi deg praktisk og sikker transport fra flyplassen. Under oppholdet vil du v\u00e6re<\/p>\n","protected":false},"author":1,"featured_media":475,"parent":0,"menu_order":0,"comment_status":"closed","ping_status":"closed","template":"page-templates\/dental-trip.php","meta":{"_acf_changed":false,"footnotes":""},"class_list":["post-3132","page","type-page","status-publish","has-post-thumbnail","hentry"],"acf":[],"yoast_head":"<!-- This site is optimized with the Yoast SEO plugin v23.9 - https:\/\/yoast.com\/wordpress\/plugins\/seo\/ -->\n<title>Dental Trip - Titanium Dental<\/title>\n<meta name=\"robots\" content=\"index, follow, max-snippet:-1, max-image-preview:large, max-video-preview:-1\" \/>\n<link rel=\"canonical\" href=\"https:\/\/titaniumdental.pl\/dental-trip\/\" \/>\n<meta property=\"og:locale\" content=\"nb_NO\" \/>\n<meta property=\"og:type\" content=\"article\" \/>\n<meta property=\"og:title\" content=\"Dental Trip - Titanium Dental\" \/>\n<meta property=\"og:description\" content=\"Du er n\u00e6rmere oss enn du tror. Avstand spiller ingen rolle. Hvis du er klar for et vakkert og sunt smil, er ikke avstand en barriere. Vi vil utarbeide en behandlingsplan for deg, arrangere overnatting og bo p\u00e5 klinikken. Vi vil ogs\u00e5 gi deg praktisk og sikker transport fra flyplassen. Under oppholdet vil du v\u00e6re\" \/>\n<meta property=\"og:url\" content=\"https:\/\/titaniumdental.pl\/dental-trip\/\" \/>\n<meta property=\"og:site_name\" content=\"Titanium Dental\" \/>\n<meta property=\"article:modified_time\" content=\"2020-12-29T11:43:19+00:00\" \/>\n<meta property=\"og:image\" content=\"https:\/\/titaniumdental.pl\/wp-content\/uploads\/2020\/02\/dental-trip@2x-scaled.jpg\" \/>\n\t<meta property=\"og:image:width\" content=\"1920\" \/>\n\t<meta property=\"og:image:height\" content=\"641\" \/>\n\t<meta property=\"og:image:type\" content=\"image\/jpeg\" \/>\n<meta name=\"twitter:card\" content=\"summary_large_image\" \/>\n<meta name=\"twitter:label1\" content=\"Ansl. lesetid\" \/>\n\t<meta name=\"twitter:data1\" content=\"1 minutt\" \/>\n<script type=\"application\/ld+json\" class=\"yoast-schema-graph\">{\"@context\":\"https:\/\/schema.org\",\"@graph\":[{\"@type\":\"WebPage\",\"@id\":\"https:\/\/titaniumdental.pl\/dental-trip\/\",\"url\":\"https:\/\/titaniumdental.pl\/dental-trip\/\",\"name\":\"Dental Trip - Titanium Dental\",\"isPartOf\":{\"@id\":\"https:\/\/titaniumdental.pl\/#website\"},\"primaryImageOfPage\":{\"@id\":\"https:\/\/titaniumdental.pl\/dental-trip\/#primaryimage\"},\"image\":{\"@id\":\"https:\/\/titaniumdental.pl\/dental-trip\/#primaryimage\"},\"thumbnailUrl\":\"https:\/\/titaniumdental.pl\/wp-content\/uploads\/2020\/02\/dental-trip@2x-scaled.jpg\",\"datePublished\":\"2020-12-29T11:36:11+00:00\",\"dateModified\":\"2020-12-29T11:43:19+00:00\",\"breadcrumb\":{\"@id\":\"https:\/\/titaniumdental.pl\/dental-trip\/#breadcrumb\"},\"inLanguage\":\"nb-NO\",\"potentialAction\":[{\"@type\":\"ReadAction\",\"target\":[\"https:\/\/titaniumdental.pl\/dental-trip\/\"]}]},{\"@type\":\"ImageObject\",\"inLanguage\":\"nb-NO\",\"@id\":\"https:\/\/titaniumdental.pl\/dental-trip\/#primaryimage\",\"url\":\"https:\/\/titaniumdental.pl\/wp-content\/uploads\/2020\/02\/dental-trip@2x-scaled.jpg\",\"contentUrl\":\"https:\/\/titaniumdental.pl\/wp-content\/uploads\/2020\/02\/dental-trip@2x-scaled.jpg\",\"width\":1920,\"height\":641},{\"@type\":\"BreadcrumbList\",\"@id\":\"https:\/\/titaniumdental.pl\/dental-trip\/#breadcrumb\",\"itemListElement\":[{\"@type\":\"ListItem\",\"position\":1,\"name\":\"Strona g\u0142\u00f3wna\",\"item\":\"https:\/\/titaniumdental.pl\/no\/\"},{\"@type\":\"ListItem\",\"position\":2,\"name\":\"Dental Trip\"}]},{\"@type\":\"WebSite\",\"@id\":\"https:\/\/titaniumdental.pl\/#website\",\"url\":\"https:\/\/titaniumdental.pl\/\",\"name\":\"Titanium Dental\",\"description\":\"Klinika dentystyczna\",\"publisher\":{\"@id\":\"https:\/\/titaniumdental.pl\/#organization\"},\"potentialAction\":[{\"@type\":\"SearchAction\",\"target\":{\"@type\":\"EntryPoint\",\"urlTemplate\":\"https:\/\/titaniumdental.pl\/?s={search_term_string}\"},\"query-input\":{\"@type\":\"PropertyValueSpecification\",\"valueRequired\":true,\"valueName\":\"search_term_string\"}}],\"inLanguage\":\"nb-NO\"},{\"@type\":\"Organization\",\"@id\":\"https:\/\/titaniumdental.pl\/#organization\",\"name\":\"Titanium Dental\",\"url\":\"https:\/\/titaniumdental.pl\/\",\"logo\":{\"@type\":\"ImageObject\",\"inLanguage\":\"nb-NO\",\"@id\":\"https:\/\/titaniumdental.pl\/#\/schema\/logo\/image\/\",\"url\":\"https:\/\/titaniumdental.pl\/wp-content\/uploads\/2020\/02\/titaniumdental-logo.svg\",\"contentUrl\":\"https:\/\/titaniumdental.pl\/wp-content\/uploads\/2020\/02\/titaniumdental-logo.svg\",\"width\":182,\"height\":54,\"caption\":\"Titanium Dental\"},\"image\":{\"@id\":\"https:\/\/titaniumdental.pl\/#\/schema\/logo\/image\/\"}}]}<\/script>\n<!-- \/ Yoast SEO plugin. -->","yoast_head_json":{"title":"Dental Trip - Titanium Dental","robots":{"index":"index","follow":"follow","max-snippet":"max-snippet:-1","max-image-preview":"max-image-preview:large","max-video-preview":"max-video-preview:-1"},"canonical":"https:\/\/titaniumdental.pl\/dental-trip\/","og_locale":"nb_NO","og_type":"article","og_title":"Dental Trip - Titanium Dental","og_description":"Du er n\u00e6rmere oss enn du tror. Avstand spiller ingen rolle. Hvis du er klar for et vakkert og sunt smil, er ikke avstand en barriere. Vi vil utarbeide en behandlingsplan for deg, arrangere overnatting og bo p\u00e5 klinikken. Vi vil ogs\u00e5 gi deg praktisk og sikker transport fra flyplassen. Under oppholdet vil du v\u00e6re","og_url":"https:\/\/titaniumdental.pl\/dental-trip\/","og_site_name":"Titanium Dental","article_modified_time":"2020-12-29T11:43:19+00:00","og_image":[{"width":1920,"height":641,"url":"https:\/\/titaniumdental.pl\/wp-content\/uploads\/2020\/02\/dental-trip@2x-scaled.jpg","type":"image\/jpeg"}],"twitter_card":"summary_large_image","twitter_misc":{"Ansl. lesetid":"1 minutt"},"schema":{"@context":"https:\/\/schema.org","@graph":[{"@type":"WebPage","@id":"https:\/\/titaniumdental.pl\/dental-trip\/","url":"https:\/\/titaniumdental.pl\/dental-trip\/","name":"Dental Trip - Titanium Dental","isPartOf":{"@id":"https:\/\/titaniumdental.pl\/#website"},"primaryImageOfPage":{"@id":"https:\/\/titaniumdental.pl\/dental-trip\/#primaryimage"},"image":{"@id":"https:\/\/titaniumdental.pl\/dental-trip\/#primaryimage"},"thumbnailUrl":"https:\/\/titaniumdental.pl\/wp-content\/uploads\/2020\/02\/dental-trip@2x-scaled.jpg","datePublished":"2020-12-29T11:36:11+00:00","dateModified":"2020-12-29T11:43:19+00:00","breadcrumb":{"@id":"https:\/\/titaniumdental.pl\/dental-trip\/#breadcrumb"},"inLanguage":"nb-NO","potentialAction":[{"@type":"ReadAction","target":["https:\/\/titaniumdental.pl\/dental-trip\/"]}]},{"@type":"ImageObject","inLanguage":"nb-NO","@id":"https:\/\/titaniumdental.pl\/dental-trip\/#primaryimage","url":"https:\/\/titaniumdental.pl\/wp-content\/uploads\/2020\/02\/dental-trip@2x-scaled.jpg","contentUrl":"https:\/\/titaniumdental.pl\/wp-content\/uploads\/2020\/02\/dental-trip@2x-scaled.jpg","width":1920,"height":641},{"@type":"BreadcrumbList","@id":"https:\/\/titaniumdental.pl\/dental-trip\/#breadcrumb","itemListElement":[{"@type":"ListItem","position":1,"name":"Strona g\u0142\u00f3wna","item":"https:\/\/titaniumdental.pl\/no\/"},{"@type":"ListItem","position":2,"name":"Dental Trip"}]},{"@type":"WebSite","@id":"https:\/\/titaniumdental.pl\/#website","url":"https:\/\/titaniumdental.pl\/","name":"Titanium Dental","description":"Klinika dentystyczna","publisher":{"@id":"https:\/\/titaniumdental.pl\/#organization"},"potentialAction":[{"@type":"SearchAction","target":{"@type":"EntryPoint","urlTemplate":"https:\/\/titaniumdental.pl\/?s={search_term_string}"},"query-input":{"@type":"PropertyValueSpecification","valueRequired":true,"valueName":"search_term_string"}}],"inLanguage":"nb-NO"},{"@type":"Organization","@id":"https:\/\/titaniumdental.pl\/#organization","name":"Titanium Dental","url":"https:\/\/titaniumdental.pl\/","logo":{"@type":"ImageObject","inLanguage":"nb-NO","@id":"https:\/\/titaniumdental.pl\/#\/schema\/logo\/image\/","url":"https:\/\/titaniumdental.pl\/wp-content\/uploads\/2020\/02\/titaniumdental-logo.svg","contentUrl":"https:\/\/titaniumdental.pl\/wp-content\/uploads\/2020\/02\/titaniumdental-logo.svg","width":182,"height":54,"caption":"Titanium Dental"},"image":{"@id":"https:\/\/titaniumdental.pl\/#\/schema\/logo\/image\/"}}]}},"_links":{"self":[{"href":"https:\/\/titaniumdental.pl\/no\/wp-json\/wp\/v2\/pages\/3132"}],"collection":[{"href":"https:\/\/titaniumdental.pl\/no\/wp-json\/wp\/v2\/pages"}],"about":[{"href":"https:\/\/titaniumdental.pl\/no\/wp-json\/wp\/v2\/types\/page"}],"author":[{"embeddable":true,"href":"https:\/\/titaniumdental.pl\/no\/wp-json\/wp\/v2\/users\/1"}],"replies":[{"embeddable":true,"href":"https:\/\/titaniumdental.pl\/no\/wp-json\/wp\/v2\/comments?post=3132"}],"version-history":[{"count":0,"href":"https:\/\/titaniumdental.pl\/no\/wp-json\/wp\/v2\/pages\/3132\/revisions"}],"wp:featuredmedia":[{"embeddable":true,"href":"https:\/\/titaniumdental.pl\/no\/wp-json\/wp\/v2\/media\/475"}],"wp:attachment":[{"href":"https:\/\/titaniumdental.pl\/no\/wp-json\/wp\/v2\/media?parent=3132"}],"curies":[{"name":"wp","href":"https:\/\/api.w.org\/{rel}","templated":true}]}}