{"id":2787,"date":"2020-10-05T22:47:43","date_gmt":"2020-10-05T20:47:43","guid":{"rendered":"https:\/\/titaniumdental.pl\/?page_id=2787"},"modified":"2020-12-29T12:57:31","modified_gmt":"2020-12-29T11:57:31","slug":"metamorfoser","status":"publish","type":"page","link":"https:\/\/titaniumdental.pl\/no\/metamorfoser\/","title":{"rendered":"Metamorfoser"},"content":{"rendered":"<h2>Hva handler det om?<\/h2>\n<p>Hver metamorfose krever en passende plan, takket v\u00e6re hvilken vi vil gjenopprette det vakre smilet ditt og endre din komfort i livet. Finn ut hvilke stadier vi m\u00e5 gjennom for \u00e5 oppn\u00e5 de forventede resultatene.<\/p>\n<div class=\"flex-images\">\n<div class=\"flex-images__inner\"><img fetchpriority=\"high\" decoding=\"async\" class=\"size-full wp-image-435 alignnone\" src=\"https:\/\/titaniumdental.pl\/wp-content\/uploads\/2020\/07\/titanium_metamorfoza_01.jpg\" alt=\"\" width=\"904\" height=\"579\" srcset=\"https:\/\/titaniumdental.pl\/wp-content\/uploads\/2020\/07\/titanium_metamorfoza_01.jpg 904w, https:\/\/titaniumdental.pl\/wp-content\/uploads\/2020\/07\/titanium_metamorfoza_01-300x192.jpg 300w, https:\/\/titaniumdental.pl\/wp-content\/uploads\/2020\/07\/titanium_metamorfoza_01-768x492.jpg 768w\" sizes=\"(max-width: 904px) 100vw, 904px\" \/><img decoding=\"async\" class=\"size-full wp-image-436 alignnone\" src=\"https:\/\/titaniumdental.pl\/wp-content\/uploads\/2020\/07\/titanium_metamorfoza_02.jpg\" alt=\"\" width=\"904\" height=\"579\" srcset=\"https:\/\/titaniumdental.pl\/wp-content\/uploads\/2020\/07\/titanium_metamorfoza_02.jpg 904w, https:\/\/titaniumdental.pl\/wp-content\/uploads\/2020\/07\/titanium_metamorfoza_02-300x192.jpg 300w, https:\/\/titaniumdental.pl\/wp-content\/uploads\/2020\/07\/titanium_metamorfoza_02-768x492.jpg 768w\" sizes=\"(max-width: 904px) 100vw, 904px\" \/><\/div>\n<\/div>\n","protected":false},"excerpt":{"rendered":"<p>Hva handler det om? Hver metamorfose krever en passende plan, takket v\u00e6re hvilken vi vil gjenopprette det vakre smilet ditt og endre din komfort i livet. Finn ut hvilke stadier vi m\u00e5 gjennom for \u00e5 oppn\u00e5 de forventede resultatene.<\/p>\n","protected":false},"author":1,"featured_media":499,"parent":0,"menu_order":0,"comment_status":"closed","ping_status":"closed","template":"page-templates\/portfolio.php","meta":{"_acf_changed":false,"footnotes":""},"class_list":["post-2787","page","type-page","status-publish","has-post-thumbnail","hentry"],"acf":[],"yoast_head":"<!-- This site is optimized with the Yoast SEO plugin v23.9 - https:\/\/yoast.com\/wordpress\/plugins\/seo\/ -->\n<title>Metamorfoser - Titanium Dental<\/title>\n<meta name=\"robots\" content=\"index, follow, max-snippet:-1, max-image-preview:large, max-video-preview:-1\" \/>\n<link rel=\"canonical\" href=\"https:\/\/titaniumdental.pl\/metamorfozy-old\/\" \/>\n<meta property=\"og:locale\" content=\"nb_NO\" \/>\n<meta property=\"og:type\" content=\"article\" \/>\n<meta property=\"og:title\" content=\"Metamorfoser - Titanium Dental\" \/>\n<meta property=\"og:description\" content=\"Hva handler det om? Hver metamorfose krever en passende plan, takket v\u00e6re hvilken vi vil gjenopprette det vakre smilet ditt og endre din komfort i livet. Finn ut hvilke stadier vi m\u00e5 gjennom for \u00e5 oppn\u00e5 de forventede resultatene.\" \/>\n<meta property=\"og:url\" content=\"https:\/\/titaniumdental.pl\/metamorfozy-old\/\" \/>\n<meta property=\"og:site_name\" content=\"Titanium Dental\" \/>\n<meta property=\"article:modified_time\" content=\"2020-12-29T11:57:31+00:00\" \/>\n<meta property=\"og:image\" content=\"https:\/\/titaniumdental.pl\/wp-content\/uploads\/2020\/02\/metamorfozy@2x-scaled.jpg\" \/>\n\t<meta property=\"og:image:width\" content=\"1920\" \/>\n\t<meta property=\"og:image:height\" content=\"641\" \/>\n\t<meta property=\"og:image:type\" content=\"image\/jpeg\" \/>\n<meta name=\"twitter:card\" content=\"summary_large_image\" \/>\n<script type=\"application\/ld+json\" class=\"yoast-schema-graph\">{\"@context\":\"https:\/\/schema.org\",\"@graph\":[{\"@type\":\"WebPage\",\"@id\":\"https:\/\/titaniumdental.pl\/metamorfozy-old\/\",\"url\":\"https:\/\/titaniumdental.pl\/metamorfozy-old\/\",\"name\":\"Metamorfoser - Titanium Dental\",\"isPartOf\":{\"@id\":\"https:\/\/titaniumdental.pl\/#website\"},\"primaryImageOfPage\":{\"@id\":\"https:\/\/titaniumdental.pl\/metamorfozy-old\/#primaryimage\"},\"image\":{\"@id\":\"https:\/\/titaniumdental.pl\/metamorfozy-old\/#primaryimage\"},\"thumbnailUrl\":\"https:\/\/titaniumdental.pl\/wp-content\/uploads\/2020\/02\/metamorfozy@2x-scaled.jpg\",\"datePublished\":\"2020-10-05T20:47:43+00:00\",\"dateModified\":\"2020-12-29T11:57:31+00:00\",\"breadcrumb\":{\"@id\":\"https:\/\/titaniumdental.pl\/metamorfozy-old\/#breadcrumb\"},\"inLanguage\":\"nb-NO\",\"potentialAction\":[{\"@type\":\"ReadAction\",\"target\":[\"https:\/\/titaniumdental.pl\/metamorfozy-old\/\"]}]},{\"@type\":\"ImageObject\",\"inLanguage\":\"nb-NO\",\"@id\":\"https:\/\/titaniumdental.pl\/metamorfozy-old\/#primaryimage\",\"url\":\"https:\/\/titaniumdental.pl\/wp-content\/uploads\/2020\/02\/metamorfozy@2x-scaled.jpg\",\"contentUrl\":\"https:\/\/titaniumdental.pl\/wp-content\/uploads\/2020\/02\/metamorfozy@2x-scaled.jpg\",\"width\":1920,\"height\":641},{\"@type\":\"BreadcrumbList\",\"@id\":\"https:\/\/titaniumdental.pl\/metamorfozy-old\/#breadcrumb\",\"itemListElement\":[{\"@type\":\"ListItem\",\"position\":1,\"name\":\"Strona g\u0142\u00f3wna\",\"item\":\"https:\/\/titaniumdental.pl\/no\/\"},{\"@type\":\"ListItem\",\"position\":2,\"name\":\"Metamorfoser\"}]},{\"@type\":\"WebSite\",\"@id\":\"https:\/\/titaniumdental.pl\/#website\",\"url\":\"https:\/\/titaniumdental.pl\/\",\"name\":\"Titanium Dental\",\"description\":\"Klinika dentystyczna\",\"publisher\":{\"@id\":\"https:\/\/titaniumdental.pl\/#organization\"},\"potentialAction\":[{\"@type\":\"SearchAction\",\"target\":{\"@type\":\"EntryPoint\",\"urlTemplate\":\"https:\/\/titaniumdental.pl\/?s={search_term_string}\"},\"query-input\":{\"@type\":\"PropertyValueSpecification\",\"valueRequired\":true,\"valueName\":\"search_term_string\"}}],\"inLanguage\":\"nb-NO\"},{\"@type\":\"Organization\",\"@id\":\"https:\/\/titaniumdental.pl\/#organization\",\"name\":\"Titanium Dental\",\"url\":\"https:\/\/titaniumdental.pl\/\",\"logo\":{\"@type\":\"ImageObject\",\"inLanguage\":\"nb-NO\",\"@id\":\"https:\/\/titaniumdental.pl\/#\/schema\/logo\/image\/\",\"url\":\"https:\/\/titaniumdental.pl\/wp-content\/uploads\/2020\/02\/titaniumdental-logo.svg\",\"contentUrl\":\"https:\/\/titaniumdental.pl\/wp-content\/uploads\/2020\/02\/titaniumdental-logo.svg\",\"width\":182,\"height\":54,\"caption\":\"Titanium Dental\"},\"image\":{\"@id\":\"https:\/\/titaniumdental.pl\/#\/schema\/logo\/image\/\"}}]}<\/script>\n<!-- \/ Yoast SEO plugin. -->","yoast_head_json":{"title":"Metamorfoser - Titanium Dental","robots":{"index":"index","follow":"follow","max-snippet":"max-snippet:-1","max-image-preview":"max-image-preview:large","max-video-preview":"max-video-preview:-1"},"canonical":"https:\/\/titaniumdental.pl\/metamorfozy-old\/","og_locale":"nb_NO","og_type":"article","og_title":"Metamorfoser - Titanium Dental","og_description":"Hva handler det om? Hver metamorfose krever en passende plan, takket v\u00e6re hvilken vi vil gjenopprette det vakre smilet ditt og endre din komfort i livet. Finn ut hvilke stadier vi m\u00e5 gjennom for \u00e5 oppn\u00e5 de forventede resultatene.","og_url":"https:\/\/titaniumdental.pl\/metamorfozy-old\/","og_site_name":"Titanium Dental","article_modified_time":"2020-12-29T11:57:31+00:00","og_image":[{"width":1920,"height":641,"url":"https:\/\/titaniumdental.pl\/wp-content\/uploads\/2020\/02\/metamorfozy@2x-scaled.jpg","type":"image\/jpeg"}],"twitter_card":"summary_large_image","schema":{"@context":"https:\/\/schema.org","@graph":[{"@type":"WebPage","@id":"https:\/\/titaniumdental.pl\/metamorfozy-old\/","url":"https:\/\/titaniumdental.pl\/metamorfozy-old\/","name":"Metamorfoser - Titanium Dental","isPartOf":{"@id":"https:\/\/titaniumdental.pl\/#website"},"primaryImageOfPage":{"@id":"https:\/\/titaniumdental.pl\/metamorfozy-old\/#primaryimage"},"image":{"@id":"https:\/\/titaniumdental.pl\/metamorfozy-old\/#primaryimage"},"thumbnailUrl":"https:\/\/titaniumdental.pl\/wp-content\/uploads\/2020\/02\/metamorfozy@2x-scaled.jpg","datePublished":"2020-10-05T20:47:43+00:00","dateModified":"2020-12-29T11:57:31+00:00","breadcrumb":{"@id":"https:\/\/titaniumdental.pl\/metamorfozy-old\/#breadcrumb"},"inLanguage":"nb-NO","potentialAction":[{"@type":"ReadAction","target":["https:\/\/titaniumdental.pl\/metamorfozy-old\/"]}]},{"@type":"ImageObject","inLanguage":"nb-NO","@id":"https:\/\/titaniumdental.pl\/metamorfozy-old\/#primaryimage","url":"https:\/\/titaniumdental.pl\/wp-content\/uploads\/2020\/02\/metamorfozy@2x-scaled.jpg","contentUrl":"https:\/\/titaniumdental.pl\/wp-content\/uploads\/2020\/02\/metamorfozy@2x-scaled.jpg","width":1920,"height":641},{"@type":"BreadcrumbList","@id":"https:\/\/titaniumdental.pl\/metamorfozy-old\/#breadcrumb","itemListElement":[{"@type":"ListItem","position":1,"name":"Strona g\u0142\u00f3wna","item":"https:\/\/titaniumdental.pl\/no\/"},{"@type":"ListItem","position":2,"name":"Metamorfoser"}]},{"@type":"WebSite","@id":"https:\/\/titaniumdental.pl\/#website","url":"https:\/\/titaniumdental.pl\/","name":"Titanium Dental","description":"Klinika dentystyczna","publisher":{"@id":"https:\/\/titaniumdental.pl\/#organization"},"potentialAction":[{"@type":"SearchAction","target":{"@type":"EntryPoint","urlTemplate":"https:\/\/titaniumdental.pl\/?s={search_term_string}"},"query-input":{"@type":"PropertyValueSpecification","valueRequired":true,"valueName":"search_term_string"}}],"inLanguage":"nb-NO"},{"@type":"Organization","@id":"https:\/\/titaniumdental.pl\/#organization","name":"Titanium Dental","url":"https:\/\/titaniumdental.pl\/","logo":{"@type":"ImageObject","inLanguage":"nb-NO","@id":"https:\/\/titaniumdental.pl\/#\/schema\/logo\/image\/","url":"https:\/\/titaniumdental.pl\/wp-content\/uploads\/2020\/02\/titaniumdental-logo.svg","contentUrl":"https:\/\/titaniumdental.pl\/wp-content\/uploads\/2020\/02\/titaniumdental-logo.svg","width":182,"height":54,"caption":"Titanium Dental"},"image":{"@id":"https:\/\/titaniumdental.pl\/#\/schema\/logo\/image\/"}}]}},"_links":{"self":[{"href":"https:\/\/titaniumdental.pl\/no\/wp-json\/wp\/v2\/pages\/2787"}],"collection":[{"href":"https:\/\/titaniumdental.pl\/no\/wp-json\/wp\/v2\/pages"}],"about":[{"href":"https:\/\/titaniumdental.pl\/no\/wp-json\/wp\/v2\/types\/page"}],"author":[{"embeddable":true,"href":"https:\/\/titaniumdental.pl\/no\/wp-json\/wp\/v2\/users\/1"}],"replies":[{"embeddable":true,"href":"https:\/\/titaniumdental.pl\/no\/wp-json\/wp\/v2\/comments?post=2787"}],"version-history":[{"count":0,"href":"https:\/\/titaniumdental.pl\/no\/wp-json\/wp\/v2\/pages\/2787\/revisions"}],"wp:featuredmedia":[{"embeddable":true,"href":"https:\/\/titaniumdental.pl\/no\/wp-json\/wp\/v2\/media\/499"}],"wp:attachment":[{"href":"https:\/\/titaniumdental.pl\/no\/wp-json\/wp\/v2\/media?parent=2787"}],"curies":[{"name":"wp","href":"https:\/\/api.w.org\/{rel}","templated":true}]}}