{"id":2784,"date":"2020-10-05T22:44:59","date_gmt":"2020-10-05T20:44:59","guid":{"rendered":"https:\/\/titaniumdental.pl\/?page_id=2784"},"modified":"2026-02-04T11:17:22","modified_gmt":"2026-02-04T10:17:22","slug":"priser","status":"publish","type":"page","link":"https:\/\/titaniumdental.pl\/no\/priser\/","title":{"rendered":"Prisliste"},"content":{"rendered":"\n<div class=\"wp-block-columns lead lead--gradient full-width is-layout-flex wp-container-core-columns-is-layout-1 wp-block-columns-is-layout-flex\">\n<div class=\"wp-block-column is-layout-flow wp-block-column-is-layout-flow\" style=\"flex-basis:66.66%\">\n<p>Tannhelsetjenester p\u00e5 h\u00f8yeste niv\u00e5 &#8211; Titanium Dental Clinic i Gda\u0144sk Zaspa er en garanti for perfekt utf\u00f8rte tannbehandlinger til attraktive priser. N\u00e5r vi opprettet prislisten nedenfor, tok vi hensyn til de mest popul\u00e6re behandlingene &#8211; for mer informasjon om kostnadene ved andre behandlinger i klinikken v\u00e5r, kontakt oss i dag.<\/p>\n<\/div>\n\n\n\n<div class=\"wp-block-column is-layout-flow wp-block-column-is-layout-flow\" style=\"flex-basis:33.33%\">\n<h2 class=\"wp-block-heading\"><strong>Et vakkert smil er mulig n\u00e5!<\/strong><\/h2>\n\n\n\n<p>Ring <a href=\"tel:48607516663\">+48 607 516 663<\/a> eller fyll ut skjemaet<\/p>\n<\/div>\n<\/div>\n\n\n\n<p class=\"has-medium-font-size\"><em><em>Tannpleie er v\u00e5r lidenskap &#8211; en individuell tiln\u00e6rming og forst\u00e5else av dine behov, sammen med mange \u00e5rs erfaring i yrket, f\u00e5r deg til \u00e5 forlate klinikken med et vakkert smil. V\u00e5re priser velges tilstrekkelig til den kvaliteten som er v\u00e5r prioritet.<\/em><\/em><\/p>\n\n\n\n<hr class=\"wp-block-separator has-css-opacity\"\/>\n\n\n\n<p>I v\u00e5r klinikk tilbyr vi et komplett utvalg av tannlegetjenester. Den delen av behandlingene som ikke er inkludert, prises individuelt i klinikken etter grundig unders\u00f8kelse av pasienten.<\/p>\n\n\n\n<p>I v\u00e5r klinikk tilbyr vi et komplett utvalg av tannlegetjenester. Den delen av behandlingene som ikke er inkludert, prises individuelt i klinikken etter grundig unders\u00f8kelse av pasienten. Prislisten er illustrerende og utgj\u00f8r ikke et kommersielt tilbud i lovens forstand. Hver behandling er priset og tilpasses individuelt til pasientens behov og evner.<\/p>\n\n\n\n<hr class=\"wp-block-separator has-css-opacity\"\/>\n\n\n\n<div id=\"pricing-block_eb12f46fdc717c456950b230cdb2617e\" class=\"pricing\">\n    \n    <h2 class=\"pricing__heading\">Diagnostikk<\/h2>\n    \n        \n    <ul class=\"pricing__items\">\n\n                \n        <li class=\"pricing-item\">\n            <h3 class=\"pricing-item__name\">Protetisk\/ implantologisk konsultasjon eller muntlig eksamen<\/h3>\n            <span class=\"pricing-item__price\">200 PLN<\/span>\n\n        <\/li>\n\n                \n        <li class=\"pricing-item\">\n            <h3 class=\"pricing-item__name\">Online konsultasjon<\/h3>\n            <span class=\"pricing-item__price\">200 PLN<\/span>\n\n        <\/li>\n\n                \n        <li class=\"pricing-item\">\n            <h3 class=\"pricing-item__name\">Lite, intraoralt bilde<\/h3>\n            <span class=\"pricing-item__price\">65 PLN<\/span>\n\n        <\/li>\n\n                \n        <li class=\"pricing-item\">\n            <h3 class=\"pricing-item__name\">Panoramabilde<\/h3>\n            <span class=\"pricing-item__price\">200 PLN<\/span>\n\n        <\/li>\n\n            \n    <\/ul>\n\n    \n<\/div>\n\n\n<div id=\"pricing-block_e11c26c9fdeef4aa00808ac992b9da8d\" class=\"pricing\">\n    \n    <h2 class=\"pricing__heading\">Datatomografi <\/h2>\n    \n        \n    <ul class=\"pricing__items\">\n\n                \n        <li class=\"pricing-item\">\n            <h3 class=\"pricing-item__name\">Omr\u00e5de med 2-4 tenner<\/h3>\n            <span class=\"pricing-item__price\">250 PLN<\/span>\n\n        <\/li>\n\n                \n        <li class=\"pricing-item\">\n            <h3 class=\"pricing-item__name\">Hele kjeven, eller hele underkjeven<\/h3>\n            <span class=\"pricing-item__price\">350 PLN<\/span>\n\n        <\/li>\n\n                \n        <li class=\"pricing-item\">\n            <h3 class=\"pricing-item__name\">Kjeve + underkjeven<\/h3>\n            <span class=\"pricing-item__price\">600 PLN<\/span>\n\n        <\/li>\n\n            \n    <\/ul>\n\n    \n<\/div>\n\n\n<div id=\"pricing-block_8cc2d3aeb27f260eaf3ea3a015d1d561\" class=\"pricing\">\n    \n    <h2 class=\"pricing__heading\">Hygienisering<\/h2>\n    \n        \n    <ul class=\"pricing__items\">\n\n                \n        <li class=\"pricing-item\">\n            <h3 class=\"pricing-item__name\">Skalering (brytning av tannstein med ultralyd)<\/h3>\n            <span class=\"pricing-item__price\">250 PLN<\/span>\n\n        <\/li>\n\n                \n        <li class=\"pricing-item\">\n            <h3 class=\"pricing-item__name\">Sandbl\u00e5sing (fjerning av plakk og misfarging fra tannoverflaten)<\/h3>\n            <span class=\"pricing-item__price\">250 PLN<\/span>\n\n        <\/li>\n\n                \n        <li class=\"pricing-item\">\n            <h3 class=\"pricing-item__name\">Skalering med sandbl\u00e5sing (hygienepakke)<\/h3>\n            <span class=\"pricing-item__price\">450 PLN<\/span>\n\n        <\/li>\n\n                \n        <li class=\"pricing-item\">\n            <h3 class=\"pricing-item__name\">Tannblekning<\/h3>\n            <span class=\"pricing-item__price\">1500 PLN<\/span>\n\n        <\/li>\n\n            \n    <\/ul>\n\n    \n<\/div>\n\n\n<div id=\"pricing-block_7cb00550f4161c87042e5129aa865317\" class=\"pricing\">\n    \n    <h2 class=\"pricing__heading\">Tannbehandling <\/h2>\n    \n        \n    <ul class=\"pricing__items\">\n\n                \n        <li class=\"pricing-item\">\n            <h3 class=\"pricing-item__name\">Rekonstruksjon av hulrommet ved bruk av estetiske materialer<\/h3>\n            <span class=\"pricing-item__price\">fra 350 PLN<\/span>\n\n        <\/li>\n\n                \n        <li class=\"pricing-item\">\n            <h3 class=\"pricing-item__name\">Estetiske rekonstruksjoner i den fremre kjevedelen, dvs. komposittfin\u00e9r &#8211; BONDING<\/h3>\n            <span class=\"pricing-item__price\">1200 PLN<\/span>\n\n        <\/li>\n\n            \n    <\/ul>\n\n    \n<\/div>\n\n\n<div id=\"pricing-block_3a447c5b2a454a1ad800075acb31a177\" class=\"pricing\">\n    \n    <h2 class=\"pricing__heading\">Rotkanalbehandling ved bruk av et mikroskop under 1-2 bes\u00f8k:<\/h2>\n    \n        \n    <ul class=\"pricing__items\">\n\n                \n        <li class=\"pricing-item\">\n            <h3 class=\"pricing-item__name\">Fortenner og Hj\u00f8rnetenner<\/h3>\n            <span class=\"pricing-item__price\">1150 PLN<\/span>\n\n        <\/li>\n\n                \n        <li class=\"pricing-item\">\n            <h3 class=\"pricing-item__name\">Premolarer<\/h3>\n            <span class=\"pricing-item__price\">1400 PLN<\/span>\n\n        <\/li>\n\n                \n        <li class=\"pricing-item\">\n            <h3 class=\"pricing-item__name\">Jeksler <\/h3>\n            <span class=\"pricing-item__price\">1500 PLN<\/span>\n\n        <\/li>\n\n                \n        <li class=\"pricing-item\">\n            <h3 class=\"pricing-item__name\">Gjenta rotkanalbehandling<\/h3>\n            <span class=\"pricing-item__price\">400 PLN p\u00e5 grunnprisen<\/span>\n\n        <\/li>\n\n                \n        <li class=\"pricing-item\">\n            <h3 class=\"pricing-item__name\">Fjerning av en brukket kanalinstrument<\/h3>\n            <span class=\"pricing-item__price\">individuell prising<\/span>\n\n        <\/li>\n\n            \n    <\/ul>\n\n    \n<\/div>\n\n\n<div id=\"pricing-block_33234c34e01f2668f71114f67581c9cb\" class=\"pricing\">\n    \n    <h2 class=\"pricing__heading\">Protetisk behandling<\/h2>\n    \n        \n    <ul class=\"pricing__items\">\n\n                \n        <li class=\"pricing-item\">\n            <h3 class=\"pricing-item__name\">Helkeramisk protetisk krone<\/h3>\n            <span class=\"pricing-item__price\">2800 PLN<\/span>\n\n        <\/li>\n\n                \n        <li class=\"pricing-item\">\n            <h3 class=\"pricing-item__name\">Helkeramisk Finer<\/h3>\n            <span class=\"pricing-item__price\">2800 PLN<\/span>\n\n        <\/li>\n\n                \n        <li class=\"pricing-item\">\n            <h3 class=\"pricing-item__name\">Zirconium Krone<\/h3>\n            <span class=\"pricing-item__price\">2800 PLN<\/span>\n\n        <\/li>\n\n                \n        <li class=\"pricing-item\">\n            <h3 class=\"pricing-item__name\">Helkeramisk onlay<\/h3>\n            <span class=\"pricing-item__price\">1600 PLN<\/span>\n\n        <\/li>\n\n            \n    <\/ul>\n\n    \n<\/div>\n\n\n<div id=\"pricing-block_fea61c6c21df4fc03d087fec15896631\" class=\"pricing\">\n    \n    <h2 class=\"pricing__heading\">Kirurgisk behandling<\/h2>\n    \n        \n    <ul class=\"pricing__items\">\n\n                \n        <li class=\"pricing-item\">\n            <h3 class=\"pricing-item__name\">Tannekstraksjon \u2013 uttrekking av en tann med en ikke-traumatisk metode; prosedyren er sk\u00e5nsom, noe som resulterer i bedre og raskere helbredelse<\/h3>\n            <span class=\"pricing-item__price\">fra 600 PLN<\/span>\n\n        <\/li>\n\n            \n    <\/ul>\n\n    \n<\/div>\n\n\n<div id=\"pricing-block_ca303618817d46f0da1ea653ba76ab62\" class=\"pricing\">\n    \n    <h2 class=\"pricing__heading\">Fjerning av en visdomstann:<\/h2>\n    \n        \n    <ul class=\"pricing__items\">\n\n                \n        <li class=\"pricing-item\">\n            <h3 class=\"pricing-item__name\">lett \u00e5 fjerne<\/h3>\n            <span class=\"pricing-item__price\">fra 700 PLN<\/span>\n\n        <\/li>\n\n                \n        <li class=\"pricing-item\">\n            <h3 class=\"pricing-item__name\">kirurgisk fjerning av den p\u00e5virkede visdomstanden<\/h3>\n            <span class=\"pricing-item__price\">1500 PLN<\/span>\n\n        <\/li>\n\n            \n    <\/ul>\n\n    \n<\/div>\n\n\n<div id=\"pricing-block_c18a66691a5d38e4bc4d7cc0252ebcfb\" class=\"pricing\">\n    \n    <h2 class=\"pricing__heading\">Implantatbehandling<\/h2>\n    \n        \n    <ul class=\"pricing__items\">\n\n                \n        <li class=\"pricing-item\">\n            <h3 class=\"pricing-item__name\">Innsetting av et implantat<\/h3>\n            <span class=\"pricing-item__price\">fra 3500 PLN<\/span>\n\n        <\/li>\n\n                \n        <li class=\"pricing-item\">\n            <h3 class=\"pricing-item__name\">Innsetting av et implantat Zirkonium<\/h3>\n            <span class=\"pricing-item__price\">5000-7000 PLN<\/span>\n\n        <\/li>\n\n                \n        <li class=\"pricing-item\">\n            <h3 class=\"pricing-item__name\">Gjenoppbygging av en tann p\u00e5 implantat<\/h3>\n            <span class=\"pricing-item__price\">fra 3800 PLN<\/span>\n\n        <\/li>\n\n                \n        <li class=\"pricing-item\">\n            <h3 class=\"pricing-item__name\">Gjenoppbygging av en tann p\u00e5 implantat Zirkonium<\/h3>\n            <span class=\"pricing-item__price\">4500 PLN<\/span>\n\n        <\/li>\n\n                \n        <li class=\"pricing-item\">\n            <h3 class=\"pricing-item__name\">Styrt beinregenerasjon<\/h3>\n            <span class=\"pricing-item__price\">individuell prising<\/span>\n\n        <\/li>\n\n                \n        <li class=\"pricing-item\">\n            <h3 class=\"pricing-item__name\">Sinusl\u00f8ft<\/h3>\n            <span class=\"pricing-item__price\">individuell prising<\/span>\n\n        <\/li>\n\n            \n    <\/ul>\n\n    \n<\/div>","protected":false},"excerpt":{"rendered":"<p>Tannhelsetjenester p\u00e5 h\u00f8yeste niv\u00e5 &#8211; Titanium Dental Clinic i Gda\u0144sk Zaspa er en garanti for perfekt utf\u00f8rte tannbehandlinger til attraktive priser. N\u00e5r vi opprettet prislisten nedenfor, tok vi hensyn til de mest popul\u00e6re behandlingene &#8211; for mer informasjon om kostnadene ved andre behandlinger i klinikken v\u00e5r, kontakt oss i dag. Et vakkert smil er mulig<\/p>\n","protected":false},"author":1,"featured_media":547,"parent":0,"menu_order":0,"comment_status":"closed","ping_status":"closed","template":"","meta":{"_acf_changed":false,"footnotes":""},"class_list":["post-2784","page","type-page","status-publish","has-post-thumbnail","hentry"],"acf":[],"yoast_head":"<!-- This site is optimized with the Yoast SEO plugin v23.9 - https:\/\/yoast.com\/wordpress\/plugins\/seo\/ -->\n<title>Prisliste - Titanium Dental<\/title>\n<meta name=\"robots\" content=\"index, follow, max-snippet:-1, max-image-preview:large, max-video-preview:-1\" \/>\n<link rel=\"canonical\" href=\"https:\/\/titaniumdental.pl\/no\/priser\/\" \/>\n<meta property=\"og:locale\" content=\"nb_NO\" \/>\n<meta property=\"og:type\" content=\"article\" \/>\n<meta property=\"og:title\" content=\"Prisliste - Titanium Dental\" \/>\n<meta property=\"og:description\" content=\"Tannhelsetjenester p\u00e5 h\u00f8yeste niv\u00e5 &#8211; Titanium Dental Clinic i Gda\u0144sk Zaspa er en garanti for perfekt utf\u00f8rte tannbehandlinger til attraktive priser. N\u00e5r vi opprettet prislisten nedenfor, tok vi hensyn til de mest popul\u00e6re behandlingene &#8211; for mer informasjon om kostnadene ved andre behandlinger i klinikken v\u00e5r, kontakt oss i dag. Et vakkert smil er mulig\" \/>\n<meta property=\"og:url\" content=\"https:\/\/titaniumdental.pl\/no\/priser\/\" \/>\n<meta property=\"og:site_name\" content=\"Titanium Dental\" \/>\n<meta property=\"article:modified_time\" content=\"2026-02-04T10:17:22+00:00\" \/>\n<meta property=\"og:image\" content=\"https:\/\/titaniumdental.pl\/wp-content\/uploads\/2020\/03\/cennik@2x-scaled.jpg\" \/>\n\t<meta property=\"og:image:width\" content=\"2560\" \/>\n\t<meta property=\"og:image:height\" content=\"855\" \/>\n\t<meta property=\"og:image:type\" content=\"image\/jpeg\" \/>\n<meta name=\"twitter:card\" content=\"summary_large_image\" \/>\n<meta name=\"twitter:label1\" content=\"Ansl. lesetid\" \/>\n\t<meta name=\"twitter:data1\" content=\"2 minutter\" \/>\n<script type=\"application\/ld+json\" class=\"yoast-schema-graph\">{\"@context\":\"https:\/\/schema.org\",\"@graph\":[{\"@type\":\"WebPage\",\"@id\":\"https:\/\/titaniumdental.pl\/no\/priser\/\",\"url\":\"https:\/\/titaniumdental.pl\/no\/priser\/\",\"name\":\"Prisliste - Titanium Dental\",\"isPartOf\":{\"@id\":\"https:\/\/titaniumdental.pl\/#website\"},\"primaryImageOfPage\":{\"@id\":\"https:\/\/titaniumdental.pl\/no\/priser\/#primaryimage\"},\"image\":{\"@id\":\"https:\/\/titaniumdental.pl\/no\/priser\/#primaryimage\"},\"thumbnailUrl\":\"https:\/\/titaniumdental.pl\/wp-content\/uploads\/2020\/03\/cennik@2x-scaled.jpg\",\"datePublished\":\"2020-10-05T20:44:59+00:00\",\"dateModified\":\"2026-02-04T10:17:22+00:00\",\"breadcrumb\":{\"@id\":\"https:\/\/titaniumdental.pl\/no\/priser\/#breadcrumb\"},\"inLanguage\":\"nb-NO\",\"potentialAction\":[{\"@type\":\"ReadAction\",\"target\":[\"https:\/\/titaniumdental.pl\/no\/priser\/\"]}]},{\"@type\":\"ImageObject\",\"inLanguage\":\"nb-NO\",\"@id\":\"https:\/\/titaniumdental.pl\/no\/priser\/#primaryimage\",\"url\":\"https:\/\/titaniumdental.pl\/wp-content\/uploads\/2020\/03\/cennik@2x-scaled.jpg\",\"contentUrl\":\"https:\/\/titaniumdental.pl\/wp-content\/uploads\/2020\/03\/cennik@2x-scaled.jpg\",\"width\":2560,\"height\":855},{\"@type\":\"BreadcrumbList\",\"@id\":\"https:\/\/titaniumdental.pl\/no\/priser\/#breadcrumb\",\"itemListElement\":[{\"@type\":\"ListItem\",\"position\":1,\"name\":\"Strona g\u0142\u00f3wna\",\"item\":\"https:\/\/titaniumdental.pl\/no\/\"},{\"@type\":\"ListItem\",\"position\":2,\"name\":\"Prisliste\"}]},{\"@type\":\"WebSite\",\"@id\":\"https:\/\/titaniumdental.pl\/#website\",\"url\":\"https:\/\/titaniumdental.pl\/\",\"name\":\"Titanium Dental\",\"description\":\"Klinika dentystyczna\",\"publisher\":{\"@id\":\"https:\/\/titaniumdental.pl\/#organization\"},\"potentialAction\":[{\"@type\":\"SearchAction\",\"target\":{\"@type\":\"EntryPoint\",\"urlTemplate\":\"https:\/\/titaniumdental.pl\/?s={search_term_string}\"},\"query-input\":{\"@type\":\"PropertyValueSpecification\",\"valueRequired\":true,\"valueName\":\"search_term_string\"}}],\"inLanguage\":\"nb-NO\"},{\"@type\":\"Organization\",\"@id\":\"https:\/\/titaniumdental.pl\/#organization\",\"name\":\"Titanium Dental\",\"url\":\"https:\/\/titaniumdental.pl\/\",\"logo\":{\"@type\":\"ImageObject\",\"inLanguage\":\"nb-NO\",\"@id\":\"https:\/\/titaniumdental.pl\/#\/schema\/logo\/image\/\",\"url\":\"https:\/\/titaniumdental.pl\/wp-content\/uploads\/2020\/02\/titaniumdental-logo.svg\",\"contentUrl\":\"https:\/\/titaniumdental.pl\/wp-content\/uploads\/2020\/02\/titaniumdental-logo.svg\",\"width\":182,\"height\":54,\"caption\":\"Titanium Dental\"},\"image\":{\"@id\":\"https:\/\/titaniumdental.pl\/#\/schema\/logo\/image\/\"}}]}<\/script>\n<!-- \/ Yoast SEO plugin. -->","yoast_head_json":{"title":"Prisliste - Titanium Dental","robots":{"index":"index","follow":"follow","max-snippet":"max-snippet:-1","max-image-preview":"max-image-preview:large","max-video-preview":"max-video-preview:-1"},"canonical":"https:\/\/titaniumdental.pl\/no\/priser\/","og_locale":"nb_NO","og_type":"article","og_title":"Prisliste - Titanium Dental","og_description":"Tannhelsetjenester p\u00e5 h\u00f8yeste niv\u00e5 &#8211; Titanium Dental Clinic i Gda\u0144sk Zaspa er en garanti for perfekt utf\u00f8rte tannbehandlinger til attraktive priser. N\u00e5r vi opprettet prislisten nedenfor, tok vi hensyn til de mest popul\u00e6re behandlingene &#8211; for mer informasjon om kostnadene ved andre behandlinger i klinikken v\u00e5r, kontakt oss i dag. Et vakkert smil er mulig","og_url":"https:\/\/titaniumdental.pl\/no\/priser\/","og_site_name":"Titanium Dental","article_modified_time":"2026-02-04T10:17:22+00:00","og_image":[{"width":2560,"height":855,"url":"https:\/\/titaniumdental.pl\/wp-content\/uploads\/2020\/03\/cennik@2x-scaled.jpg","type":"image\/jpeg"}],"twitter_card":"summary_large_image","twitter_misc":{"Ansl. lesetid":"2 minutter"},"schema":{"@context":"https:\/\/schema.org","@graph":[{"@type":"WebPage","@id":"https:\/\/titaniumdental.pl\/no\/priser\/","url":"https:\/\/titaniumdental.pl\/no\/priser\/","name":"Prisliste - Titanium Dental","isPartOf":{"@id":"https:\/\/titaniumdental.pl\/#website"},"primaryImageOfPage":{"@id":"https:\/\/titaniumdental.pl\/no\/priser\/#primaryimage"},"image":{"@id":"https:\/\/titaniumdental.pl\/no\/priser\/#primaryimage"},"thumbnailUrl":"https:\/\/titaniumdental.pl\/wp-content\/uploads\/2020\/03\/cennik@2x-scaled.jpg","datePublished":"2020-10-05T20:44:59+00:00","dateModified":"2026-02-04T10:17:22+00:00","breadcrumb":{"@id":"https:\/\/titaniumdental.pl\/no\/priser\/#breadcrumb"},"inLanguage":"nb-NO","potentialAction":[{"@type":"ReadAction","target":["https:\/\/titaniumdental.pl\/no\/priser\/"]}]},{"@type":"ImageObject","inLanguage":"nb-NO","@id":"https:\/\/titaniumdental.pl\/no\/priser\/#primaryimage","url":"https:\/\/titaniumdental.pl\/wp-content\/uploads\/2020\/03\/cennik@2x-scaled.jpg","contentUrl":"https:\/\/titaniumdental.pl\/wp-content\/uploads\/2020\/03\/cennik@2x-scaled.jpg","width":2560,"height":855},{"@type":"BreadcrumbList","@id":"https:\/\/titaniumdental.pl\/no\/priser\/#breadcrumb","itemListElement":[{"@type":"ListItem","position":1,"name":"Strona g\u0142\u00f3wna","item":"https:\/\/titaniumdental.pl\/no\/"},{"@type":"ListItem","position":2,"name":"Prisliste"}]},{"@type":"WebSite","@id":"https:\/\/titaniumdental.pl\/#website","url":"https:\/\/titaniumdental.pl\/","name":"Titanium Dental","description":"Klinika dentystyczna","publisher":{"@id":"https:\/\/titaniumdental.pl\/#organization"},"potentialAction":[{"@type":"SearchAction","target":{"@type":"EntryPoint","urlTemplate":"https:\/\/titaniumdental.pl\/?s={search_term_string}"},"query-input":{"@type":"PropertyValueSpecification","valueRequired":true,"valueName":"search_term_string"}}],"inLanguage":"nb-NO"},{"@type":"Organization","@id":"https:\/\/titaniumdental.pl\/#organization","name":"Titanium Dental","url":"https:\/\/titaniumdental.pl\/","logo":{"@type":"ImageObject","inLanguage":"nb-NO","@id":"https:\/\/titaniumdental.pl\/#\/schema\/logo\/image\/","url":"https:\/\/titaniumdental.pl\/wp-content\/uploads\/2020\/02\/titaniumdental-logo.svg","contentUrl":"https:\/\/titaniumdental.pl\/wp-content\/uploads\/2020\/02\/titaniumdental-logo.svg","width":182,"height":54,"caption":"Titanium Dental"},"image":{"@id":"https:\/\/titaniumdental.pl\/#\/schema\/logo\/image\/"}}]}},"_links":{"self":[{"href":"https:\/\/titaniumdental.pl\/no\/wp-json\/wp\/v2\/pages\/2784"}],"collection":[{"href":"https:\/\/titaniumdental.pl\/no\/wp-json\/wp\/v2\/pages"}],"about":[{"href":"https:\/\/titaniumdental.pl\/no\/wp-json\/wp\/v2\/types\/page"}],"author":[{"embeddable":true,"href":"https:\/\/titaniumdental.pl\/no\/wp-json\/wp\/v2\/users\/1"}],"replies":[{"embeddable":true,"href":"https:\/\/titaniumdental.pl\/no\/wp-json\/wp\/v2\/comments?post=2784"}],"version-history":[{"count":5,"href":"https:\/\/titaniumdental.pl\/no\/wp-json\/wp\/v2\/pages\/2784\/revisions"}],"predecessor-version":[{"id":6987,"href":"https:\/\/titaniumdental.pl\/no\/wp-json\/wp\/v2\/pages\/2784\/revisions\/6987"}],"wp:featuredmedia":[{"embeddable":true,"href":"https:\/\/titaniumdental.pl\/no\/wp-json\/wp\/v2\/media\/547"}],"wp:attachment":[{"href":"https:\/\/titaniumdental.pl\/no\/wp-json\/wp\/v2\/media?parent=2784"}],"curies":[{"name":"wp","href":"https:\/\/api.w.org\/{rel}","templated":true}]}}