{"id":1684,"date":"2020-09-05T17:32:36","date_gmt":"2020-09-05T15:32:36","guid":{"rendered":"http:\/\/titanium.rocktheweb.pl\/?page_id=1684"},"modified":"2020-12-29T13:13:13","modified_gmt":"2020-12-29T12:13:13","slug":"personvernerklaering","status":"publish","type":"page","link":"https:\/\/titaniumdental.pl\/no\/personvernerklaering\/","title":{"rendered":"Personvernregler"},"content":{"rendered":"\n<p><strong>Personvernregler<\/strong><\/p>\n\n\n\n<p>I f\u00f8lge art. 13 sek. 1 og 2 i europaparlaments- og r\u00e5dsforordning (EU) 2016\/679 av 27. april 2016 om vern av fysiske personer i forbindelse med behandling av personopplysninger og om fri utveksling av slike opplysninger samt om oppheving av direktiv 95\/46\/EF (generell personvernforordning) opplyser Titanium Sp. dyrehage. sp.k. med hovedkvarter i Gda\u0144sk at:<\/p>\n\n\n\n<p><strong><strong>HVEM ER ADMINISTRATOREN FOR DINE PERSONLIGE DATA?<\/strong><\/strong><\/p>\n\n\n\n<p>Administratoren av dine personlige data er Titanium sp. z o.o. sp.k. med hovedkvarter i Gda\u0144sk (heretter kalt selskapet), ul. Drzewieckiego nr. 9, 80-464 Gda\u0144sk, e-post <a href=\"mailto:rejestracja@titaniumdental.pl\">rejestracja@titaniumdental.pl<\/a>, telefonnummer +48\u00a0607\u00a0516 663.<\/p>\n\n\n\n<p>Selskapet har utnevnt en personopplysningsinspekt\u00f8r som kan kontaktes skriftlig ved \u00e5 sende korrespondanse til til selskapets adresse med merknaden &raquo; Inspekt\u00f8r for beskyttelse av personopplysninger &raquo; og via e-post p\u00e5<\/p>\n\n\n\n<p><a href=\"iod@msb.com.pl\">iod@msb.com.pl<\/a><\/p>\n\n\n\n<p><strong><strong>HVORFOR BEHANDLER VI DINE PERSONLIGE DATA?<\/strong><\/strong><\/p>\n\n\n\n<p>Personopplysningene dine blir behandlet for helsemessige form\u00e5l, inkludert for profylakse, medisinsk diagnose og behandling, for \u00e5 sikre sosial sikkerhet og administrere trygdesystemer og tjenester, samt for \u00e5 utstede sertifikater, forsvar mot krav eller for markedsf\u00f8ringsform\u00e5l.<\/p>\n\n\n\n<p><strong><strong>JURIDISK GRUNNLEGG FOR BEHANDLING AV PERSONLIGE DATA<\/strong><\/strong><\/p>\n\n\n\n<p>Dine personopplysninger blir behandlet p\u00e5 grunnlag av:<\/p>\n\n\n\n<p>art. 6 sek. 1 punkt a) og art. 9 sek. 2 pkt. a) i den generelle databeskyttelsesforordningen i den grad personopplysningene dine behandles p\u00e5 grunnlag av ditt samtykke til behandlingen av dem, spesielt n\u00e5r selskapet vil oppfordre deg til \u00e5 bruke tjenestene eller informere deg om det n\u00e5v\u00e6rende tilbudet tjenestene som tilbys, samt n\u00e5r den \u00f8nsker \u00e5 vise frem prestasjonene innen tjenester, inkludert publisering av bildet ditt eller et bilde av kjeven din f\u00f8r og etter arbeidet bestilt av selskapet<\/p>\n\n\n\n<p>art. 6 sek. 1 pkt. f) i den generelle databeskyttelsesforordningen, i forhold til personopplysninger som er innhentet som et resultat av \u00e5 registrere bildet ditt p\u00e5 opptak fra overv\u00e5kingskameraer, for \u00e5 beskytte mennesker og eiendom i klinikken<\/p>\n\n\n\n<p>art. 9 sek. 2 pkt. H) i den generelle databeskyttelsesforordningen, som brukes i forbindelse med f\u00f8lgende bestemmelser i nasjonal lovgivning:<\/p>\n\n\n\n<p>art. 3 sek. 2 av loven om medisinsk aktivitet og art. 24 i loven om pasientrettigheter og pasientens rettighetsombud, n\u00e5r opplysningene dine behandles med det form\u00e5l \u00e5 forebygge helsetjenester<\/p>\n\n\n\n<p>art. 3 sek. 1 1 i loven om medisinsk aktivitet og art. 24 i loven om pasientrettigheter og pasientrettighetsombud, n\u00e5r dine opplysninger blir behandlet for medisinsk diagnose, behandling;<\/p>\n\n\n\n<p>art. 54 i lov om kontantst\u00f8nad fra sosialforsikring ved sykdom og barsel eller andre relevante bestemmelser innen sosialforsikringsrett, n\u00e5r behandlingen skjer for \u00e5 sikre trygd og administrere trygdesystemer og tjenester<\/p>\n\n\n\n<p>Form\u00e5let og juridiske grunnlag for behandlingen av dine personopplysninger beskrevet ovenfor betyr at selskapet vil v\u00e6re i stand til \u00e5 behandle personopplysninger uten ditt samtykke med det form\u00e5l \u00e5 f\u00f8re medisinske journaler, for \u00e5 utvikle en diagnose og behandlingsmetoden som passer for deg, n\u00e5r du \u00f8nsker \u00e5 informere om helserelaterte hendelser, n\u00e5r du starter behandlingen, hvis det er n\u00f8dvendig \u00e5 utstede en legeerkl\u00e6ring, samt i situasjoner som er n\u00f8dvendige for \u00e5 redde helsen eller livet eller helsen og livet til andre mennesker.<\/p>\n\n\n\n<p>Du vil kun motta reklamemateriell hvis du godtar ovennevnte. Bare med ditt forutg\u00e5ende samtykke vil selskapet bruke bildet ditt eller et fragment av ansiktet ditt som er tatt p\u00e5 bilder tatt f\u00f8r og etter behandling p\u00e5 Titanium-klinikken for \u00e5 publisere p\u00e5 nettstedet eller Facebook-profilen.<\/p>\n\n\n\n<p><strong>FOR HVILKEN PERIODE BLIR DINE PERSONLIGE DATA BEHANDLET?<\/strong><\/p>\n\n\n\n<p>Personopplysningene dine blir behandlet (lagret) i en periode p\u00e5 21 \u00e5r, og r\u00f8ntgenbilder lagres utenfor medisinsk dokumentasjon i en periode p\u00e5 11 \u00e5r, i samsvar med art. 29 i lov 6. november 2008 om pasientrettigheter og pasientombud (dvs Dz.U. 2017.1318). I tilfelle databehandling med ditt samtykke, vil lagring av personopplysninger fortsette til samtykke er trukket tilbake.<\/p>\n\n\n\n<p><strong>M\u00c5 DERE GI UT INFORMASJON?<\/strong><\/p>\n\n\n\n<p>\u00c5 gi dine personlige data er frivillig, men hvis du ikke oppgir personlige data som er n\u00f8dvendige for \u00e5 tilby medisinske tjenester, for utarbeidelse av en diagnose, for \u00e5 starte behandling, vil det ikke v\u00e6re mulig \u00e5 inng\u00e5 og utf\u00f8re kontrakten eller aktivitetene du har bedt om.<\/p>\n\n\n\n<p><strong>HVEM BLIR MOTTAKEREN AV DERES PERSONLIGE DATA?<\/strong><\/p>\n\n\n\n<p>Mottakerne av dine personopplysninger vil v\u00e6re autoriserte ansatte i selskapet eller andre personer som selskapet samarbeider med, inkludert medisinsk fagpersonell, personer som utf\u00f8rer hjelpeaktiviteter i forbindelse med helsetjenester, personer som tar vare p\u00e5 sikkerheten og vedlikeholdet av IKT-systemet der dataene dine blir behandlet, samt personer som, p\u00e5 foresp\u00f8rsel fra selskapet, behandler sp\u00f8rsm\u00e5let om forlik mellom deg og selskapet, som er forpliktet til \u00e5 opprettholde taushetsplikt.<\/p>\n\n\n\n<p><strong>HAR DERE TILGANG TIL DERES PERSONLIGE DATA?<\/strong><\/p>\n\n\n\n<p>Du har rett til \u00e5 f\u00e5 tilgang til dine data og rett til \u00e5 rette, slette, begrense behandlingen, retten til \u00e5 overf\u00f8re data, retten til \u00e5 motsette deg behandlingen. Imidlertid, med tanke p\u00e5 form\u00e5let med databehandling om helsen din, samt plikten til \u00e5 f\u00f8re medisinske poster, er retten til \u00e5 begrense databehandling, \u00e5 overf\u00f8re data eller \u00e5 motsette seg behandlingen av dem ekskludert i forhold til disse dataene.<\/p>\n\n\n\n<p><strong>ER DET MULIG \u00c5 TREKKE TILBAKE ET SAMTYKKE?<\/strong><\/p>\n\n\n\n<p>Du har rett til \u00e5 trekke tilbake ditt samtykke til behandlingen av dine personopplysninger, som selskapet behandler n\u00e5r som helst, fordi du tidligere har gitt ditt samtykke. Operasjoner p\u00e5 personopplysningene dine utf\u00f8rt til samtykke til behandlingen blir trukket forblir i samsvar med gjeldende lov. Samtykket kan trekkes tilbake ved \u00e5 sende en e-post til f\u00f8lgende adresse: registracja@titaniumdental.pl<\/p>\n\n\n\n<p>Du har rett til \u00e5 sende inn en klage til presidenten for personopplysningskontoret, hvis du f\u00f8ler at behandlingen av dine personopplysninger bryter med bestemmelsene i den generelle databeskyttelsesforordningen eller bestemmelsene i nasjonal lovgivning.<\/p>\n\n\n\n<p><strong>BLIR <\/strong><strong>DERES <\/strong><strong>DATA OVERF\u00d8RT TIL TREDJELAND?<\/strong><\/p>\n\n\n\n<p>Dataene dine blir ikke overf\u00f8rt til et tredjeland eller en internasjonal organisasjon.<\/p>\n\n\n\n<p><strong>BLIR AUTOMATISKE BESLUTNINGER BASERT P\u00c5 DINE PERSONLIGE DATA?<\/strong><\/p>\n\n\n\n<p>Selskapet tar ikke automatiserte beslutninger basert p\u00e5 dine personlige data, inkludert p\u00e5 grunnlag av profilering.<\/p>\n\n\n\n<p><strong>Retningslinjer for informasjonskapsler<\/strong><\/p>\n\n\n\n<p>Titaniumdental.pl-portalen bruker &laquo;informasjonskapsler&raquo; som husker valgt informasjon om brukerne og deres preferanser. Imidlertid brukes de ikke til \u00e5 behandle eller lagre personlige data, men bare informasjon som tillater:<\/p>\n\n\n\n<p>&#8211; deaktivere&nbsp;bruken av&nbsp;informasjonskapsler p\u00e5 nettstedet;<\/p>\n\n\n\n<p>&#8211; lage nettstedsvisningsstatistikker og effektiviteten til reklamekampanjer som gjennomf\u00f8res p\u00e5 Internett;<\/p>\n\n\n\n<p>Titanium Sp. z o.o. Sp. k., bruker ikke informasjonskapsler for \u00e5 kontakte brukeren via e-post, e-post eller telefon.<\/p>\n\n\n\n<p><strong>Hva er cookies<\/strong><strong> (<\/strong><strong>Informasjonskapsler<\/strong><strong>)<\/strong><strong>?<\/strong><\/p>\n\n\n\n<p>&laquo;Informasjonskapsler&raquo; er individuelle tekstfiler som sendes av bes\u00f8kte nettsteder og lagres p\u00e5 brukerens enhet. Lesing av informasjonen i informasjonskapsler er bare mulig av nettstedet som opprettet dem eller brukeren av enheten. Nettstedet har ikke tilgang til andre filer p\u00e5 brukerens datamaskin.<\/p>\n\n\n\n<p>Nettstedet titaniumdental.pl bruker to typer informasjonskapsler:<\/p>\n\n\n\n<p>&#8211; \u00f8ktcookies som forblir p\u00e5 brukerens enhet til de forlater nettstedet eller lukker nettleseren<\/p>\n\n\n\n<p>&#8211; vedvarende, som forblir p\u00e5 brukerens enhet i den tid som er angitt i filparametrene, eller til de slettes manuelt av brukeren.<\/p>\n\n\n\n<p><strong>Hvordan deaktiverer jeg informasjonskapsler?<\/strong><\/p>\n\n\n\n<p><strong>Google Chrome:<\/strong><\/p>\n\n\n\n<p>&#8211; Velg Chrome-menyen p\u00e5 nettleserens verkt\u00f8ylinje.<\/p>\n\n\n\n<p>&#8211; Velg &laquo;Innstillinger&raquo;.<\/p>\n\n\n\n<p>&#8211; Velg &laquo;Vis avanserte innstillinger&raquo; nederst p\u00e5 skjermen.<\/p>\n\n\n\n<p>&#8211; Velg &laquo;Innstillinger for innhold&raquo; i &laquo;Personvern&raquo;.<\/p>\n\n\n\n<p>&#8211; I &laquo;Informasjonskapsler&raquo; endrer du innstillingene for informasjonskapsler til &laquo;Blokker fors\u00f8k p\u00e5 \u00e5 sette data fra nettsteder p\u00e5 datamaskinen din&raquo;.<\/p>\n\n\n\n<p><a href=\"https:\/\/support.google.com\/chrome\/answer\/95647?hl=pl\" target=\"_blank\" rel=\"noreferrer noopener\">Mer om Chrome-nettleserinnstillinger<\/a><\/p>\n\n\n\n<p><strong>Internet Explorer 8 og 9:<\/strong><\/p>\n\n\n\n<p>&#8211; I nettleservinduet velger du &laquo;Verkt\u00f8y&raquo; -knappen og velger deretter &laquo;Alternativer for Internett&raquo;.<\/p>\n\n\n\n<p>&#8211; Velg fanen &laquo;Personvern&raquo;, flytt deretter glidebryteren til &laquo;Innstillinger&raquo; til h\u00f8yeste posisjon for \u00e5 blokkere alle informasjonskapsler og velg &laquo;OK&raquo;.<\/p>\n\n\n\n<p><a href=\"https:\/\/support.microsoft.com\/pl-pl\/products\/windows?os=windows-7\" target=\"_blank\" rel=\"noreferrer noopener\">Mer om innstillinger for Internet Explorer 9<\/a><\/p>\n\n\n\n<p>Firefox:<\/p>\n\n\n\n<p>&#8211; Velg &laquo;Firefox&raquo; og &laquo;Alternativer&raquo; \u00f8verst i nettleservinduet.<\/p>\n\n\n\n<p>&#8211; Velg deretter fanen &laquo;Personvern&raquo;.<\/p>\n\n\n\n<p>&#8211; Fra rullegardinmenyen &laquo;Firefox Program&raquo; velger du alternativet: &laquo;vil bruke innstillinger for brukerhistorikk&raquo;.<\/p>\n\n\n\n<p>&#8211; For \u00e5 forhindre at cookies lagres p\u00e5 enheten din, velger du &laquo;Godta&raquo; cookies.<\/p>\n\n\n\n<p><a href=\"https:\/\/support.mozilla.org\/t5\/Cookies-and-cache\/W%25C5%2582%25C4%2585czanie-i-wy%25C5%2582%25C4%2585czanie-obs%25C5%2582ugi-ciasteczek\/ta-p\/16511\" target=\"_blank\" rel=\"noreferrer noopener\">Mer om Firefox-innstillinger<\/a><\/p>\n","protected":false},"excerpt":{"rendered":"<p>Personvernregler I f\u00f8lge art. 13 sek. 1 og 2 i europaparlaments- og r\u00e5dsforordning (EU) 2016\/679 av 27. april 2016 om vern av fysiske personer i forbindelse med behandling av personopplysninger og om fri utveksling av slike opplysninger samt om oppheving av direktiv 95\/46\/EF (generell personvernforordning) opplyser Titanium Sp. dyrehage. sp.k. med hovedkvarter i Gda\u0144sk at:<\/p>\n","protected":false},"author":1,"featured_media":0,"parent":0,"menu_order":0,"comment_status":"closed","ping_status":"open","template":"","meta":{"_acf_changed":false,"footnotes":""},"class_list":["post-1684","page","type-page","status-publish","hentry"],"acf":[],"yoast_head":"<!-- This site is optimized with the Yoast SEO plugin v23.9 - https:\/\/yoast.com\/wordpress\/plugins\/seo\/ -->\n<title>Personvernregler - Titanium Dental<\/title>\n<meta name=\"robots\" content=\"index, follow, max-snippet:-1, max-image-preview:large, max-video-preview:-1\" \/>\n<link rel=\"canonical\" href=\"https:\/\/titaniumdental.pl\/polityka-prywatnosci\/\" \/>\n<meta property=\"og:locale\" content=\"nb_NO\" \/>\n<meta property=\"og:type\" content=\"article\" \/>\n<meta property=\"og:title\" content=\"Personvernregler - Titanium Dental\" \/>\n<meta property=\"og:description\" content=\"Personvernregler I f\u00f8lge art. 13 sek. 1 og 2 i europaparlaments- og r\u00e5dsforordning (EU) 2016\/679 av 27. april 2016 om vern av fysiske personer i forbindelse med behandling av personopplysninger og om fri utveksling av slike opplysninger samt om oppheving av direktiv 95\/46\/EF (generell personvernforordning) opplyser Titanium Sp. dyrehage. sp.k. med hovedkvarter i Gda\u0144sk at:\" \/>\n<meta property=\"og:url\" content=\"https:\/\/titaniumdental.pl\/polityka-prywatnosci\/\" \/>\n<meta property=\"og:site_name\" content=\"Titanium Dental\" \/>\n<meta property=\"article:modified_time\" content=\"2020-12-29T12:13:13+00:00\" \/>\n<meta name=\"twitter:card\" content=\"summary_large_image\" \/>\n<meta name=\"twitter:label1\" content=\"Ansl. lesetid\" \/>\n\t<meta name=\"twitter:data1\" content=\"6 minutter\" \/>\n<script type=\"application\/ld+json\" class=\"yoast-schema-graph\">{\"@context\":\"https:\/\/schema.org\",\"@graph\":[{\"@type\":\"WebPage\",\"@id\":\"https:\/\/titaniumdental.pl\/polityka-prywatnosci\/\",\"url\":\"https:\/\/titaniumdental.pl\/polityka-prywatnosci\/\",\"name\":\"Personvernregler - Titanium Dental\",\"isPartOf\":{\"@id\":\"https:\/\/titaniumdental.pl\/#website\"},\"datePublished\":\"2020-09-05T15:32:36+00:00\",\"dateModified\":\"2020-12-29T12:13:13+00:00\",\"breadcrumb\":{\"@id\":\"https:\/\/titaniumdental.pl\/polityka-prywatnosci\/#breadcrumb\"},\"inLanguage\":\"nb-NO\",\"potentialAction\":[{\"@type\":\"ReadAction\",\"target\":[\"https:\/\/titaniumdental.pl\/polityka-prywatnosci\/\"]}]},{\"@type\":\"BreadcrumbList\",\"@id\":\"https:\/\/titaniumdental.pl\/polityka-prywatnosci\/#breadcrumb\",\"itemListElement\":[{\"@type\":\"ListItem\",\"position\":1,\"name\":\"Strona g\u0142\u00f3wna\",\"item\":\"https:\/\/titaniumdental.pl\/no\/\"},{\"@type\":\"ListItem\",\"position\":2,\"name\":\"Personvernregler\"}]},{\"@type\":\"WebSite\",\"@id\":\"https:\/\/titaniumdental.pl\/#website\",\"url\":\"https:\/\/titaniumdental.pl\/\",\"name\":\"Titanium Dental\",\"description\":\"Klinika dentystyczna\",\"publisher\":{\"@id\":\"https:\/\/titaniumdental.pl\/#organization\"},\"potentialAction\":[{\"@type\":\"SearchAction\",\"target\":{\"@type\":\"EntryPoint\",\"urlTemplate\":\"https:\/\/titaniumdental.pl\/?s={search_term_string}\"},\"query-input\":{\"@type\":\"PropertyValueSpecification\",\"valueRequired\":true,\"valueName\":\"search_term_string\"}}],\"inLanguage\":\"nb-NO\"},{\"@type\":\"Organization\",\"@id\":\"https:\/\/titaniumdental.pl\/#organization\",\"name\":\"Titanium Dental\",\"url\":\"https:\/\/titaniumdental.pl\/\",\"logo\":{\"@type\":\"ImageObject\",\"inLanguage\":\"nb-NO\",\"@id\":\"https:\/\/titaniumdental.pl\/#\/schema\/logo\/image\/\",\"url\":\"https:\/\/titaniumdental.pl\/wp-content\/uploads\/2020\/02\/titaniumdental-logo.svg\",\"contentUrl\":\"https:\/\/titaniumdental.pl\/wp-content\/uploads\/2020\/02\/titaniumdental-logo.svg\",\"width\":182,\"height\":54,\"caption\":\"Titanium Dental\"},\"image\":{\"@id\":\"https:\/\/titaniumdental.pl\/#\/schema\/logo\/image\/\"}}]}<\/script>\n<!-- \/ Yoast SEO plugin. -->","yoast_head_json":{"title":"Personvernregler - Titanium Dental","robots":{"index":"index","follow":"follow","max-snippet":"max-snippet:-1","max-image-preview":"max-image-preview:large","max-video-preview":"max-video-preview:-1"},"canonical":"https:\/\/titaniumdental.pl\/polityka-prywatnosci\/","og_locale":"nb_NO","og_type":"article","og_title":"Personvernregler - Titanium Dental","og_description":"Personvernregler I f\u00f8lge art. 13 sek. 1 og 2 i europaparlaments- og r\u00e5dsforordning (EU) 2016\/679 av 27. april 2016 om vern av fysiske personer i forbindelse med behandling av personopplysninger og om fri utveksling av slike opplysninger samt om oppheving av direktiv 95\/46\/EF (generell personvernforordning) opplyser Titanium Sp. dyrehage. sp.k. med hovedkvarter i Gda\u0144sk at:","og_url":"https:\/\/titaniumdental.pl\/polityka-prywatnosci\/","og_site_name":"Titanium Dental","article_modified_time":"2020-12-29T12:13:13+00:00","twitter_card":"summary_large_image","twitter_misc":{"Ansl. lesetid":"6 minutter"},"schema":{"@context":"https:\/\/schema.org","@graph":[{"@type":"WebPage","@id":"https:\/\/titaniumdental.pl\/polityka-prywatnosci\/","url":"https:\/\/titaniumdental.pl\/polityka-prywatnosci\/","name":"Personvernregler - Titanium Dental","isPartOf":{"@id":"https:\/\/titaniumdental.pl\/#website"},"datePublished":"2020-09-05T15:32:36+00:00","dateModified":"2020-12-29T12:13:13+00:00","breadcrumb":{"@id":"https:\/\/titaniumdental.pl\/polityka-prywatnosci\/#breadcrumb"},"inLanguage":"nb-NO","potentialAction":[{"@type":"ReadAction","target":["https:\/\/titaniumdental.pl\/polityka-prywatnosci\/"]}]},{"@type":"BreadcrumbList","@id":"https:\/\/titaniumdental.pl\/polityka-prywatnosci\/#breadcrumb","itemListElement":[{"@type":"ListItem","position":1,"name":"Strona g\u0142\u00f3wna","item":"https:\/\/titaniumdental.pl\/no\/"},{"@type":"ListItem","position":2,"name":"Personvernregler"}]},{"@type":"WebSite","@id":"https:\/\/titaniumdental.pl\/#website","url":"https:\/\/titaniumdental.pl\/","name":"Titanium Dental","description":"Klinika dentystyczna","publisher":{"@id":"https:\/\/titaniumdental.pl\/#organization"},"potentialAction":[{"@type":"SearchAction","target":{"@type":"EntryPoint","urlTemplate":"https:\/\/titaniumdental.pl\/?s={search_term_string}"},"query-input":{"@type":"PropertyValueSpecification","valueRequired":true,"valueName":"search_term_string"}}],"inLanguage":"nb-NO"},{"@type":"Organization","@id":"https:\/\/titaniumdental.pl\/#organization","name":"Titanium Dental","url":"https:\/\/titaniumdental.pl\/","logo":{"@type":"ImageObject","inLanguage":"nb-NO","@id":"https:\/\/titaniumdental.pl\/#\/schema\/logo\/image\/","url":"https:\/\/titaniumdental.pl\/wp-content\/uploads\/2020\/02\/titaniumdental-logo.svg","contentUrl":"https:\/\/titaniumdental.pl\/wp-content\/uploads\/2020\/02\/titaniumdental-logo.svg","width":182,"height":54,"caption":"Titanium Dental"},"image":{"@id":"https:\/\/titaniumdental.pl\/#\/schema\/logo\/image\/"}}]}},"_links":{"self":[{"href":"https:\/\/titaniumdental.pl\/no\/wp-json\/wp\/v2\/pages\/1684"}],"collection":[{"href":"https:\/\/titaniumdental.pl\/no\/wp-json\/wp\/v2\/pages"}],"about":[{"href":"https:\/\/titaniumdental.pl\/no\/wp-json\/wp\/v2\/types\/page"}],"author":[{"embeddable":true,"href":"https:\/\/titaniumdental.pl\/no\/wp-json\/wp\/v2\/users\/1"}],"replies":[{"embeddable":true,"href":"https:\/\/titaniumdental.pl\/no\/wp-json\/wp\/v2\/comments?post=1684"}],"version-history":[{"count":0,"href":"https:\/\/titaniumdental.pl\/no\/wp-json\/wp\/v2\/pages\/1684\/revisions"}],"wp:attachment":[{"href":"https:\/\/titaniumdental.pl\/no\/wp-json\/wp\/v2\/media?parent=1684"}],"curies":[{"name":"wp","href":"https:\/\/api.w.org\/{rel}","templated":true}]}}