{"id":5638,"date":"2024-01-27T19:12:26","date_gmt":"2024-01-27T18:12:26","guid":{"rendered":"https:\/\/titaniumdental.pl\/metamorfoza-romana\/"},"modified":"2024-01-27T19:12:26","modified_gmt":"2024-01-27T18:12:26","slug":"metamorfoza-romana","status":"publish","type":"page","link":"https:\/\/titaniumdental.pl\/en\/metamorfoza-romana\/","title":{"rendered":"Metamorfoza Romana"},"content":{"rendered":"<div class=\"wp-bootstrap-blocks-container container mb-2\">\n\t\n<div class=\"wp-bootstrap-blocks-row row\">\n\t\n\n<div class=\"col-12 col-sm-12 col-md-12 col-lg-12 col-xl-12 col-xxl-12\">\n\t\t\t\n\n<p class=\"has-text-align-center\" style=\"font-size:27px;font-style:italic;font-weight:500\">Metamorfoza<\/p>\n\n\n\n<h2 class=\"wp-block-heading has-text-align-center has-x-large-font-size\" style=\"font-style:normal;font-weight:800\">Romana<\/h2>\n\n\t<\/div>\n\n\n\n<div class=\"col-12 col-md-6\">\n\t\t\t\t<\/div>\n\n<\/div>\n\n<\/div>\n\n\n<div class=\"wp-bootstrap-blocks-container container mb-2\">\n\t\n<div class=\"wp-bootstrap-blocks-row row\">\n\t\n\n<div class=\"col-12 col-sm-12 col-md-12 col-lg-12 col-xl-12 col-xxl-12\">\n\t\t\t\n<div class=\"wp-block-image\">\n<figure class=\"aligncenter size-full\"><img decoding=\"async\" width=\"71\" height=\"72\" src=\"https:\/\/titaniumdental.pl\/wp-content\/uploads\/2024\/01\/rectangle.png\" alt=\"\" class=\"wp-image-5110\"\/><\/figure><\/div>\n\t<\/div>\n\n\n\n<div class=\"col-12 col-md-6\">\n\t\t\t\t<\/div>\n\n<\/div>\n\n<\/div>\n\n\n<div class=\"wp-bootstrap-blocks-container container mb-2\">\n\t\n\n<div style=\"height:45px\" aria-hidden=\"true\" class=\"wp-block-spacer\"><\/div>\n\n\n<div class=\"wp-bootstrap-blocks-row row\">\n\t\n\n<div class=\"col-12 col-sm-9 col-md-9 col-lg-9 col-xl-9 col-xxl-9\">\n\t\t\t\n<div class=\"wp-block-image\">\n<figure class=\"aligncenter size-full\"><img fetchpriority=\"high\" decoding=\"async\" width=\"826\" height=\"553\" src=\"https:\/\/titaniumdental.pl\/wp-content\/uploads\/2024\/01\/roman3.jpg\" alt=\"\" class=\"wp-image-5355\" srcset=\"https:\/\/titaniumdental.pl\/wp-content\/uploads\/2024\/01\/roman3.jpg 826w, https:\/\/titaniumdental.pl\/wp-content\/uploads\/2024\/01\/roman3-300x201.jpg 300w, https:\/\/titaniumdental.pl\/wp-content\/uploads\/2024\/01\/roman3-768x514.jpg 768w\" sizes=\"(max-width: 826px) 100vw, 826px\" \/><\/figure><\/div>\n\t<\/div>\n\n\n\n<div class=\"col-12 col-sm-3 col-md-3 col-lg-3 col-xl-3 col-xxl-3 d-none d-sm-block\">\n\t\t\t\n<div class=\"wp-block-image\">\n<figure class=\"aligncenter size-full\"><img decoding=\"async\" width=\"700\" height=\"1477\" src=\"https:\/\/titaniumdental.pl\/wp-content\/uploads\/2024\/01\/roman-cover.jpg\" alt=\"\" class=\"wp-image-5366\" srcset=\"https:\/\/titaniumdental.pl\/wp-content\/uploads\/2024\/01\/roman-cover.jpg 700w, https:\/\/titaniumdental.pl\/wp-content\/uploads\/2024\/01\/roman-cover-142x300.jpg 142w, https:\/\/titaniumdental.pl\/wp-content\/uploads\/2024\/01\/roman-cover-485x1024.jpg 485w, https:\/\/titaniumdental.pl\/wp-content\/uploads\/2024\/01\/roman-cover-447x943.jpg 447w\" sizes=\"(max-width: 700px) 100vw, 700px\" \/><\/figure><\/div>\n\t<\/div>\n\n<\/div>\n\n\n\n<div style=\"height:20px\" aria-hidden=\"true\" class=\"wp-block-spacer\"><\/div>\n\n<\/div>\n\n\n<div class=\"wp-bootstrap-blocks-container container mb-2\">\n\t\n<div class=\"wp-bootstrap-blocks-row row\">\n\t\n\n<div class=\"col-12 col-sm-12 col-md-12 col-lg-12 col-xl-12 col-xxl-12\">\n\t\t\t<div class=\"p-5\">\n\t\t\t\n\n<p class=\"has-medium-font-size\" style=\"font-style:normal;font-weight:800\">Opis metamorfozy<\/p>\n\n\n\n<hr class=\"wp-block-separator has-alpha-channel-opacity is-style-default wp-block-separator-next\"\/>\n\n\n\n<p>Pan Roman pojawi\u0142 si\u0119 w Titanium Dental w celu zmiany kszta\u0142tu i koloru swojego uz\u0119bienia. W trakcie naszego pierwszego spotkania\u00a0 ustali\u0142em z pacjentem projekt i przebieg leczenia.<br>W celu ochrony z\u0119b\u00f3w i uzyskania najlepszych efekt\u00f3w, w pierwszym etapie Pan Roman przeszed\u0142 leczenie ortodontyczne nak\u0142adkowe. Kolejnym krokiem by\u0142o leczenie protetyczne z zastosowaniem najwy\u017cszej jako\u015bci lic\u00f3wek ceramicznych.<\/p>\n\n\n\n<p class=\"has-medium-font-size\" style=\"font-style:normal;font-weight:800\">Co wykonali\u015bmy?<\/p>\n\n\n\n<hr class=\"wp-block-separator has-alpha-channel-opacity is-style-default wp-block-separator-next\"\/>\n\n\n\n<p>Konsultacja, badania tomograficzne, projektowanie cyfrowe u\u015bmiechu<br>Leczenie ortodontyczne w celu poprawy ustawienia z\u0119b\u00f3w<br>Indywidualny projekt przysz\u0142ego uz\u0119bienia mierzony z pacjentem<br>Leczenie protetyczne z u\u017cyciem delikatnych lic\u00f3wek ceramicznych<\/p>\n\n\n\n<div style=\"height:30px\" aria-hidden=\"true\" class=\"wp-block-spacer\"><\/div>\n\n\n\n<div class=\"wp-block-buttons is-layout-flex wp-block-buttons-is-layout-flex\">\n<div class=\"wp-block-button has-custom-width wp-block-button__width-100 is-style-fill\" style=\"font-style:normal;font-weight:400\"><a class=\"wp-block-button__link has-white-color has-text-color has-background has-link-color wp-element-button\" href=\"https:\/\/titaniumdental.pl\/en\/contact\/\" style=\"border-radius:0px;background-color:#be9d6b\">Um\u00f3w si\u0119 na metamorfoz\u0119<\/a><\/div>\n<\/div>\n\n\t\t<\/div>\n\t<\/div>\n\n\n\n<div class=\"col-12 col-md-6\">\n\t\t\t\t<\/div>\n\n<\/div>\n\n<\/div>\n\n\n<div class=\"wp-bootstrap-blocks-container container-fluid mb-2\">\n\t\n\n<div style=\"height:45px\" aria-hidden=\"true\" class=\"wp-block-spacer\"><\/div>\n\n\n<div class=\"wp-bootstrap-blocks-row row\">\n\t\n\n<div class=\"col-12 col-md-7\">\n\t\t\t\n\n<figure class=\"wp-block-image size-full my-0\"><img loading=\"lazy\" decoding=\"async\" width=\"638\" height=\"426\" src=\"https:\/\/titaniumdental.pl\/wp-content\/uploads\/2024\/01\/roman-po.jpg\" alt=\"\" class=\"wp-image-5358\" srcset=\"https:\/\/titaniumdental.pl\/wp-content\/uploads\/2024\/01\/roman-po.jpg 638w, https:\/\/titaniumdental.pl\/wp-content\/uploads\/2024\/01\/roman-po-300x200.jpg 300w\" sizes=\"(max-width: 638px) 100vw, 638px\" \/><\/figure>\n\n\n\n<p class=\"has-text-align-center bg-met py-3\">Po metamorfozie<\/p>\n\n\t<\/div>\n\n\n\n<div class=\"col-12 col-md-5\">\n\t\t\t\n\n<figure class=\"wp-block-image size-full my-0 width-100\"><img loading=\"lazy\" decoding=\"async\" width=\"450\" height=\"301\" src=\"https:\/\/titaniumdental.pl\/wp-content\/uploads\/2024\/01\/roman-przed.jpg\" alt=\"\" class=\"wp-image-5361\" srcset=\"https:\/\/titaniumdental.pl\/wp-content\/uploads\/2024\/01\/roman-przed.jpg 450w, https:\/\/titaniumdental.pl\/wp-content\/uploads\/2024\/01\/roman-przed-300x201.jpg 300w\" sizes=\"(max-width: 450px) 100vw, 450px\" \/><\/figure>\n\n\n\n<p class=\"has-text-align-center bg-met py-3\">Przed metamorfoz\u0105<\/p>\n\n\t<\/div>\n\n<\/div>\n\n<\/div>\n\n\n<div class=\"wp-bootstrap-blocks-container container mb-2\">\n\t\n<div class=\"wp-bootstrap-blocks-row row\">\n\t\n\n<div class=\"col-12 col-sm-12 col-md-12 col-lg-12 col-xl-12 col-xxl-12\">\n\t\t\t<div class=\"p-5\">\n\t\t\t\n\n<p class=\"has-medium-font-size\" style=\"font-style:normal;font-weight:800\">Lekarz prowadz\u0105cy<\/p>\n\n\n\n<hr class=\"wp-block-separator has-alpha-channel-opacity is-style-default wp-block-separator-next\"\/>\n\n\t\t<\/div>\n\t<\/div>\n\n\n\n<div class=\"col-12 col-md-6\">\n\t\t\t\t<\/div>\n\n<\/div>\n\n<\/div>\n\n\n<div class=\"wp-bootstrap-blocks-container container mb-2\">\n\t\n<div class=\"wp-bootstrap-blocks-row row\">\n\t\n\n<div class=\"col-3 col-sm-3 col-md-2 col-lg-2 col-xl-2 col-xxl-2\">\n\t\t\t\n\n<figure class=\"wp-block-image size-full py-0\"><a href=\"https:\/\/titaniumdental.pl\/en\/zespol\/maciej-bonna\/\"><img loading=\"lazy\" decoding=\"async\" width=\"700\" height=\"700\" src=\"https:\/\/titaniumdental.pl\/wp-content\/uploads\/2024\/01\/bonna.png\" alt=\"\" class=\"wp-image-5171\" srcset=\"https:\/\/titaniumdental.pl\/wp-content\/uploads\/2024\/01\/bonna.png 700w, https:\/\/titaniumdental.pl\/wp-content\/uploads\/2024\/01\/bonna-300x300.png 300w, https:\/\/titaniumdental.pl\/wp-content\/uploads\/2024\/01\/bonna-150x150.png 150w\" sizes=\"(max-width: 700px) 100vw, 700px\" \/><\/a><\/figure>\n\n\t<\/div>\n\n\n\n<div class=\"col-9 col-sm-9 col-md-9 col-lg-9 col-xl-9 col-xxl-9\">\n\t\t\t\n\n<p class=\"mt-4 has-black-color has-text-color has-link-color has-medium-font-size wp-elements-34ab90c133f072ec66b80faca894f76b\" style=\"font-style:normal;font-weight:800\"><a href=\"https:\/\/titaniumdental.pl\/en\/zespol\/maciej-bonna\/\">Maciej Bonna<\/a><\/p>\n\n\n\n<p class=\"has-text-color has-link-color has-medium-font-size wp-elements-e54559eb6be2421f7ef6ef897e23eb41\" style=\"color:#be9d6b;font-style:normal;font-weight:400\">lekarz dentysta<\/p>\n\n\n\n<div style=\"height:100px\" aria-hidden=\"true\" class=\"wp-block-spacer\"><\/div>\n\n\t<\/div>\n\n<\/div>\n\n<\/div>\n","protected":false},"excerpt":{"rendered":"","protected":false},"author":2,"featured_media":0,"parent":0,"menu_order":0,"comment_status":"closed","ping_status":"closed","template":"page-templates\/other.php","meta":{"_acf_changed":false,"footnotes":""},"class_list":["post-5638","page","type-page","status-publish","hentry"],"acf":[],"yoast_head":"<!-- This site is optimized with the Yoast SEO plugin v23.9 - https:\/\/yoast.com\/wordpress\/plugins\/seo\/ -->\n<title>Metamorfoza Romana - Titanium Dental<\/title>\n<meta name=\"robots\" content=\"index, follow, max-snippet:-1, max-image-preview:large, max-video-preview:-1\" \/>\n<link rel=\"canonical\" href=\"https:\/\/titaniumdental.pl\/metamorfoza-romana\/\" \/>\n<meta property=\"og:locale\" content=\"en_US\" \/>\n<meta property=\"og:type\" content=\"article\" \/>\n<meta property=\"og:title\" content=\"Metamorfoza Romana - Titanium Dental\" \/>\n<meta property=\"og:url\" content=\"https:\/\/titaniumdental.pl\/metamorfoza-romana\/\" \/>\n<meta property=\"og:site_name\" content=\"Titanium Dental\" \/>\n<meta property=\"og:image\" content=\"https:\/\/titaniumdental.pl\/wp-content\/uploads\/2024\/01\/rectangle.png\" \/>\n<meta name=\"twitter:card\" content=\"summary_large_image\" \/>\n<meta name=\"twitter:label1\" content=\"Est. reading time\" \/>\n\t<meta name=\"twitter:data1\" content=\"2 minutes\" \/>\n<script type=\"application\/ld+json\" class=\"yoast-schema-graph\">{\"@context\":\"https:\/\/schema.org\",\"@graph\":[{\"@type\":\"WebPage\",\"@id\":\"https:\/\/titaniumdental.pl\/metamorfoza-romana\/\",\"url\":\"https:\/\/titaniumdental.pl\/metamorfoza-romana\/\",\"name\":\"Metamorfoza Romana - Titanium Dental\",\"isPartOf\":{\"@id\":\"https:\/\/titaniumdental.pl\/#website\"},\"primaryImageOfPage\":{\"@id\":\"https:\/\/titaniumdental.pl\/metamorfoza-romana\/#primaryimage\"},\"image\":{\"@id\":\"https:\/\/titaniumdental.pl\/metamorfoza-romana\/#primaryimage\"},\"thumbnailUrl\":\"https:\/\/titaniumdental.pl\/wp-content\/uploads\/2024\/01\/rectangle.png\",\"datePublished\":\"2024-01-27T18:12:26+00:00\",\"dateModified\":\"2024-01-27T18:12:26+00:00\",\"breadcrumb\":{\"@id\":\"https:\/\/titaniumdental.pl\/metamorfoza-romana\/#breadcrumb\"},\"inLanguage\":\"en-US\",\"potentialAction\":[{\"@type\":\"ReadAction\",\"target\":[\"https:\/\/titaniumdental.pl\/metamorfoza-romana\/\"]}]},{\"@type\":\"ImageObject\",\"inLanguage\":\"en-US\",\"@id\":\"https:\/\/titaniumdental.pl\/metamorfoza-romana\/#primaryimage\",\"url\":\"https:\/\/titaniumdental.pl\/wp-content\/uploads\/2024\/01\/rectangle.png\",\"contentUrl\":\"https:\/\/titaniumdental.pl\/wp-content\/uploads\/2024\/01\/rectangle.png\"},{\"@type\":\"BreadcrumbList\",\"@id\":\"https:\/\/titaniumdental.pl\/metamorfoza-romana\/#breadcrumb\",\"itemListElement\":[{\"@type\":\"ListItem\",\"position\":1,\"name\":\"Strona g\u0142\u00f3wna\",\"item\":\"https:\/\/titaniumdental.pl\/\"},{\"@type\":\"ListItem\",\"position\":2,\"name\":\"Metamorfoza Romana\"}]},{\"@type\":\"WebSite\",\"@id\":\"https:\/\/titaniumdental.pl\/#website\",\"url\":\"https:\/\/titaniumdental.pl\/\",\"name\":\"Titanium Dental\",\"description\":\"Klinika dentystyczna\",\"publisher\":{\"@id\":\"https:\/\/titaniumdental.pl\/#organization\"},\"potentialAction\":[{\"@type\":\"SearchAction\",\"target\":{\"@type\":\"EntryPoint\",\"urlTemplate\":\"https:\/\/titaniumdental.pl\/?s={search_term_string}\"},\"query-input\":{\"@type\":\"PropertyValueSpecification\",\"valueRequired\":true,\"valueName\":\"search_term_string\"}}],\"inLanguage\":\"en-US\"},{\"@type\":\"Organization\",\"@id\":\"https:\/\/titaniumdental.pl\/#organization\",\"name\":\"Titanium Dental\",\"url\":\"https:\/\/titaniumdental.pl\/\",\"logo\":{\"@type\":\"ImageObject\",\"inLanguage\":\"en-US\",\"@id\":\"https:\/\/titaniumdental.pl\/#\/schema\/logo\/image\/\",\"url\":\"https:\/\/titaniumdental.pl\/wp-content\/uploads\/2020\/02\/titaniumdental-logo.svg\",\"contentUrl\":\"https:\/\/titaniumdental.pl\/wp-content\/uploads\/2020\/02\/titaniumdental-logo.svg\",\"width\":182,\"height\":54,\"caption\":\"Titanium Dental\"},\"image\":{\"@id\":\"https:\/\/titaniumdental.pl\/#\/schema\/logo\/image\/\"}}]}<\/script>\n<!-- \/ Yoast SEO plugin. -->","yoast_head_json":{"title":"Metamorfoza Romana - Titanium Dental","robots":{"index":"index","follow":"follow","max-snippet":"max-snippet:-1","max-image-preview":"max-image-preview:large","max-video-preview":"max-video-preview:-1"},"canonical":"https:\/\/titaniumdental.pl\/metamorfoza-romana\/","og_locale":"en_US","og_type":"article","og_title":"Metamorfoza Romana - Titanium Dental","og_url":"https:\/\/titaniumdental.pl\/metamorfoza-romana\/","og_site_name":"Titanium Dental","og_image":[{"url":"https:\/\/titaniumdental.pl\/wp-content\/uploads\/2024\/01\/rectangle.png"}],"twitter_card":"summary_large_image","twitter_misc":{"Est. reading time":"2 minutes"},"schema":{"@context":"https:\/\/schema.org","@graph":[{"@type":"WebPage","@id":"https:\/\/titaniumdental.pl\/metamorfoza-romana\/","url":"https:\/\/titaniumdental.pl\/metamorfoza-romana\/","name":"Metamorfoza Romana - Titanium Dental","isPartOf":{"@id":"https:\/\/titaniumdental.pl\/#website"},"primaryImageOfPage":{"@id":"https:\/\/titaniumdental.pl\/metamorfoza-romana\/#primaryimage"},"image":{"@id":"https:\/\/titaniumdental.pl\/metamorfoza-romana\/#primaryimage"},"thumbnailUrl":"https:\/\/titaniumdental.pl\/wp-content\/uploads\/2024\/01\/rectangle.png","datePublished":"2024-01-27T18:12:26+00:00","dateModified":"2024-01-27T18:12:26+00:00","breadcrumb":{"@id":"https:\/\/titaniumdental.pl\/metamorfoza-romana\/#breadcrumb"},"inLanguage":"en-US","potentialAction":[{"@type":"ReadAction","target":["https:\/\/titaniumdental.pl\/metamorfoza-romana\/"]}]},{"@type":"ImageObject","inLanguage":"en-US","@id":"https:\/\/titaniumdental.pl\/metamorfoza-romana\/#primaryimage","url":"https:\/\/titaniumdental.pl\/wp-content\/uploads\/2024\/01\/rectangle.png","contentUrl":"https:\/\/titaniumdental.pl\/wp-content\/uploads\/2024\/01\/rectangle.png"},{"@type":"BreadcrumbList","@id":"https:\/\/titaniumdental.pl\/metamorfoza-romana\/#breadcrumb","itemListElement":[{"@type":"ListItem","position":1,"name":"Strona g\u0142\u00f3wna","item":"https:\/\/titaniumdental.pl\/"},{"@type":"ListItem","position":2,"name":"Metamorfoza Romana"}]},{"@type":"WebSite","@id":"https:\/\/titaniumdental.pl\/#website","url":"https:\/\/titaniumdental.pl\/","name":"Titanium Dental","description":"Klinika dentystyczna","publisher":{"@id":"https:\/\/titaniumdental.pl\/#organization"},"potentialAction":[{"@type":"SearchAction","target":{"@type":"EntryPoint","urlTemplate":"https:\/\/titaniumdental.pl\/?s={search_term_string}"},"query-input":{"@type":"PropertyValueSpecification","valueRequired":true,"valueName":"search_term_string"}}],"inLanguage":"en-US"},{"@type":"Organization","@id":"https:\/\/titaniumdental.pl\/#organization","name":"Titanium Dental","url":"https:\/\/titaniumdental.pl\/","logo":{"@type":"ImageObject","inLanguage":"en-US","@id":"https:\/\/titaniumdental.pl\/#\/schema\/logo\/image\/","url":"https:\/\/titaniumdental.pl\/wp-content\/uploads\/2020\/02\/titaniumdental-logo.svg","contentUrl":"https:\/\/titaniumdental.pl\/wp-content\/uploads\/2020\/02\/titaniumdental-logo.svg","width":182,"height":54,"caption":"Titanium Dental"},"image":{"@id":"https:\/\/titaniumdental.pl\/#\/schema\/logo\/image\/"}}]}},"_links":{"self":[{"href":"https:\/\/titaniumdental.pl\/en\/wp-json\/wp\/v2\/pages\/5638"}],"collection":[{"href":"https:\/\/titaniumdental.pl\/en\/wp-json\/wp\/v2\/pages"}],"about":[{"href":"https:\/\/titaniumdental.pl\/en\/wp-json\/wp\/v2\/types\/page"}],"author":[{"embeddable":true,"href":"https:\/\/titaniumdental.pl\/en\/wp-json\/wp\/v2\/users\/2"}],"replies":[{"embeddable":true,"href":"https:\/\/titaniumdental.pl\/en\/wp-json\/wp\/v2\/comments?post=5638"}],"version-history":[{"count":0,"href":"https:\/\/titaniumdental.pl\/en\/wp-json\/wp\/v2\/pages\/5638\/revisions"}],"wp:attachment":[{"href":"https:\/\/titaniumdental.pl\/en\/wp-json\/wp\/v2\/media?parent=5638"}],"curies":[{"name":"wp","href":"https:\/\/api.w.org\/{rel}","templated":true}]}}