{"id":5630,"date":"2024-01-27T20:05:37","date_gmt":"2024-01-27T19:05:37","guid":{"rendered":"https:\/\/titaniumdental.pl\/metamorfoza-anny\/"},"modified":"2024-01-27T20:05:37","modified_gmt":"2024-01-27T19:05:37","slug":"metamorfoza-anny","status":"publish","type":"page","link":"https:\/\/titaniumdental.pl\/en\/metamorfoza-anny\/","title":{"rendered":"Metamorfoza Anny"},"content":{"rendered":"<div class=\"wp-bootstrap-blocks-container container mb-2\">\n\t\n<div class=\"wp-bootstrap-blocks-row row\">\n\t\n\n<div class=\"col-12 col-sm-12 col-md-12 col-lg-12 col-xl-12 col-xxl-12\">\n\t\t\t\n\n<p class=\"has-text-align-center\" style=\"font-size:27px;font-style:italic;font-weight:500\">Metamorfoza<\/p>\n\n\n\n<h2 class=\"wp-block-heading has-text-align-center has-x-large-font-size\" style=\"font-style:normal;font-weight:800\">Anny<\/h2>\n\n\t<\/div>\n\n\n\n<div class=\"col-12 col-md-6\">\n\t\t\t\t<\/div>\n\n<\/div>\n\n<\/div>\n\n\n<div class=\"wp-bootstrap-blocks-container container mb-2\">\n\t\n<div class=\"wp-bootstrap-blocks-row row\">\n\t\n\n<div class=\"col-12 col-sm-12 col-md-12 col-lg-12 col-xl-12 col-xxl-12\">\n\t\t\t\n<div class=\"wp-block-image\">\n<figure class=\"aligncenter size-full\"><img decoding=\"async\" width=\"71\" height=\"72\" src=\"https:\/\/titaniumdental.pl\/wp-content\/uploads\/2024\/01\/rectangle.png\" alt=\"\" class=\"wp-image-5110\"\/><\/figure><\/div>\n\t<\/div>\n\n\n\n<div class=\"col-12 col-md-6\">\n\t\t\t\t<\/div>\n\n<\/div>\n\n<\/div>\n\n\n<div class=\"wp-bootstrap-blocks-container container mb-2\">\n\t\n\n<div style=\"height:45px\" aria-hidden=\"true\" class=\"wp-block-spacer\"><\/div>\n\n\n<div class=\"wp-bootstrap-blocks-row row\">\n\t\n\n<div class=\"col-12 col-sm-9 col-md-9 col-lg-9 col-xl-9 col-xxl-9\">\n\t\t\t\n<div class=\"wp-block-image\">\n<figure class=\"aligncenter size-full\"><img fetchpriority=\"high\" decoding=\"async\" width=\"800\" height=\"534\" src=\"https:\/\/titaniumdental.pl\/wp-content\/uploads\/2024\/01\/anna-main2.jpg\" alt=\"\" class=\"wp-image-5428\" srcset=\"https:\/\/titaniumdental.pl\/wp-content\/uploads\/2024\/01\/anna-main2.jpg 800w, https:\/\/titaniumdental.pl\/wp-content\/uploads\/2024\/01\/anna-main2-300x200.jpg 300w, https:\/\/titaniumdental.pl\/wp-content\/uploads\/2024\/01\/anna-main2-768x513.jpg 768w\" sizes=\"(max-width: 800px) 100vw, 800px\" \/><\/figure><\/div>\n\t<\/div>\n\n\n\n<div class=\"col-12 col-sm-3 col-md-3 col-lg-3 col-xl-3 col-xxl-3 d-none d-sm-block\">\n\t\t\t\n<div class=\"wp-block-image\">\n<figure class=\"aligncenter size-full\"><img decoding=\"async\" width=\"700\" height=\"1477\" src=\"https:\/\/titaniumdental.pl\/wp-content\/uploads\/2024\/01\/anna-cover.jpg\" alt=\"\" class=\"wp-image-5440\" srcset=\"https:\/\/titaniumdental.pl\/wp-content\/uploads\/2024\/01\/anna-cover.jpg 700w, https:\/\/titaniumdental.pl\/wp-content\/uploads\/2024\/01\/anna-cover-142x300.jpg 142w, https:\/\/titaniumdental.pl\/wp-content\/uploads\/2024\/01\/anna-cover-485x1024.jpg 485w, https:\/\/titaniumdental.pl\/wp-content\/uploads\/2024\/01\/anna-cover-447x943.jpg 447w\" sizes=\"(max-width: 700px) 100vw, 700px\" \/><\/figure><\/div>\n\t<\/div>\n\n<\/div>\n\n\n\n<div style=\"height:20px\" aria-hidden=\"true\" class=\"wp-block-spacer\"><\/div>\n\n<\/div>\n\n\n<div class=\"wp-bootstrap-blocks-container container mb-2\">\n\t\n<div class=\"wp-bootstrap-blocks-row row\">\n\t\n\n<div class=\"col-12 col-sm-12 col-md-12 col-lg-12 col-xl-12 col-xxl-12\">\n\t\t\t<div class=\"p-5\">\n\t\t\t\n\n<p class=\"has-medium-font-size\" style=\"font-style:normal;font-weight:800\">Opis metamorfozy<\/p>\n\n\n\n<hr class=\"wp-block-separator has-alpha-channel-opacity is-style-default wp-block-separator-next\"\/>\n\n\n\n<p>Niesamowita metamorfoza\u00a0 Pani Ani\u2026.. I nie chodzi tu o sam u\u015bmiech czy z\u0119by.<br>Zmiany zasz\u0142y w\u00a0osobowo\u015bci, charakterze i pewno\u015bci siebie.<\/p>\n\n\n\n<p>Pani Ania zg\u0142osi\u0142a si\u0119 do Titanium Dental w celu odzyskania dawnego u\u015bmiechu.\u00a0R\u00f3\u017cne przeciwno\u015bci losu sprawi\u0142y, \u017ce stan jamy ustnej pacjentki pogorszy\u0142 si\u0119.<\/p>\n\n\n\n<p>Marzenia o powrocie do pi\u0119knego u\u015bmiechu narasta\u0142y, Pani Ania znalaz\u0142a w sobie pok\u0142ady si\u0142 aby podj\u0105\u0107 pierwszy krok i przyj\u015b\u0107\u00a0 na konsultacj\u0119.\u00a0<\/p>\n\n\n\n<p>Wywo\u0142a\u0142o to lawin\u0119&nbsp; pozytywnych wydarze\u0144.&nbsp;&nbsp;<\/p>\n\n\n\n<p>Efekt ? \u2013 zdj\u0119cia m\u00f3wi\u0105 same za siebie :)<\/p>\n\n\n\n<p class=\"has-medium-font-size\" style=\"font-style:normal;font-weight:800\">Co wykonali\u015bmy?<\/p>\n\n\n\n<hr class=\"wp-block-separator has-alpha-channel-opacity is-style-default wp-block-separator-next\"\/>\n\n\n\n<p>Rehabilitacja protetyczna szcz\u0119ki i \u017cuchwy na 3 spotkaniach:<\/p>\n\n\n\n<p>Pierwsza wizyta: Konsultacja, badania tomograficzne, wykonanie projektu przysz\u0142ego u\u015bmiechu<\/p>\n\n\n\n<p>Druga wizyta:&nbsp; zabieg chirurgiczno protetyczny All on X&nbsp; dotycz\u0105cy szcz\u0119ki g\u00f3rnej i dolnej z natychmiastowym oddanie pracy g\u00f3rnej<\/p>\n\n\n\n<p>Trzecia wizyta &#8211; dzie\u0144 p\u00f3\u017aniej &#8211; oddanie pracy protetycznej dolnej :)<\/p>\n\n\n\n<div style=\"height:30px\" aria-hidden=\"true\" class=\"wp-block-spacer\"><\/div>\n\n\n\n<div class=\"wp-block-buttons is-layout-flex wp-block-buttons-is-layout-flex\">\n<div class=\"wp-block-button has-custom-width wp-block-button__width-100 is-style-fill\" style=\"font-style:normal;font-weight:400\"><a class=\"wp-block-button__link has-white-color has-text-color has-background has-link-color wp-element-button\" href=\"https:\/\/titaniumdental.pl\/en\/contact\/\" style=\"border-radius:0px;background-color:#be9d6b\">Um\u00f3w si\u0119 na metamorfoz\u0119<\/a><\/div>\n<\/div>\n\n\t\t<\/div>\n\t<\/div>\n\n\n\n<div class=\"col-12 col-md-6\">\n\t\t\t\t<\/div>\n\n<\/div>\n\n<\/div>\n\n\n<div class=\"wp-bootstrap-blocks-container container-fluid mb-2\">\n\t\n\n<div style=\"height:45px\" aria-hidden=\"true\" class=\"wp-block-spacer\"><\/div>\n\n\n<div class=\"wp-bootstrap-blocks-row row\">\n\t\n\n<div class=\"col-12 col-md-7\">\n\t\t\t\n\n<figure class=\"wp-block-image size-full my-0\"><img loading=\"lazy\" decoding=\"async\" width=\"638\" height=\"426\" src=\"https:\/\/titaniumdental.pl\/wp-content\/uploads\/2024\/01\/anna-po.jpg\" alt=\"\" class=\"wp-image-5433\" srcset=\"https:\/\/titaniumdental.pl\/wp-content\/uploads\/2024\/01\/anna-po.jpg 638w, https:\/\/titaniumdental.pl\/wp-content\/uploads\/2024\/01\/anna-po-300x200.jpg 300w\" sizes=\"(max-width: 638px) 100vw, 638px\" \/><\/figure>\n\n\n\n<p class=\"has-text-align-center bg-met py-3\">Po metamorfozie<\/p>\n\n\t<\/div>\n\n\n\n<div class=\"col-12 col-md-5\">\n\t\t\t\n\n<figure class=\"wp-block-image size-full my-0 width-100\"><img loading=\"lazy\" decoding=\"async\" width=\"450\" height=\"301\" src=\"https:\/\/titaniumdental.pl\/wp-content\/uploads\/2024\/01\/anna-po2.jpg\" alt=\"\" class=\"wp-image-5436\" srcset=\"https:\/\/titaniumdental.pl\/wp-content\/uploads\/2024\/01\/anna-po2.jpg 450w, https:\/\/titaniumdental.pl\/wp-content\/uploads\/2024\/01\/anna-po2-300x201.jpg 300w\" sizes=\"(max-width: 450px) 100vw, 450px\" \/><\/figure>\n\n\n\n<p class=\"has-text-align-center bg-met py-3\">Po metamorfozie<\/p>\n\n\t<\/div>\n\n<\/div>\n\n<\/div>\n\n\n<div class=\"wp-bootstrap-blocks-container container mb-2\">\n\t\n<div class=\"wp-bootstrap-blocks-row row\">\n\t\n\n<div class=\"col-12 col-sm-12 col-md-12 col-lg-12 col-xl-12 col-xxl-12\">\n\t\t\t<div class=\"p-5\">\n\t\t\t\n\n<p class=\"has-medium-font-size\" style=\"font-style:normal;font-weight:800\">Lekarz prowadz\u0105cy<\/p>\n\n\n\n<hr class=\"wp-block-separator has-alpha-channel-opacity is-style-default wp-block-separator-next\"\/>\n\n\t\t<\/div>\n\t<\/div>\n\n\n\n<div class=\"col-12 col-md-6\">\n\t\t\t\t<\/div>\n\n<\/div>\n\n<\/div>\n\n\n<div class=\"wp-bootstrap-blocks-container container mb-2\">\n\t\n<div class=\"wp-bootstrap-blocks-row row\">\n\t\n\n<div class=\"col-3 col-sm-3 col-md-2 col-lg-2 col-xl-2 col-xxl-2\">\n\t\t\t\n\n<figure class=\"wp-block-image size-full py-0\"><a href=\"https:\/\/titaniumdental.pl\/en\/zespol\/maciej-bonna\/\"><img loading=\"lazy\" decoding=\"async\" width=\"700\" height=\"700\" src=\"https:\/\/titaniumdental.pl\/wp-content\/uploads\/2024\/01\/bonna.png\" alt=\"\" class=\"wp-image-5171\" srcset=\"https:\/\/titaniumdental.pl\/wp-content\/uploads\/2024\/01\/bonna.png 700w, https:\/\/titaniumdental.pl\/wp-content\/uploads\/2024\/01\/bonna-300x300.png 300w, https:\/\/titaniumdental.pl\/wp-content\/uploads\/2024\/01\/bonna-150x150.png 150w\" sizes=\"(max-width: 700px) 100vw, 700px\" \/><\/a><\/figure>\n\n\t<\/div>\n\n\n\n<div class=\"col-9 col-sm-9 col-md-9 col-lg-9 col-xl-9 col-xxl-9\">\n\t\t\t\n\n<p class=\"mt-4 has-black-color has-text-color has-link-color has-medium-font-size wp-elements-34ab90c133f072ec66b80faca894f76b\" style=\"font-style:normal;font-weight:800\"><a href=\"https:\/\/titaniumdental.pl\/en\/zespol\/maciej-bonna\/\">Maciej Bonna<\/a><\/p>\n\n\n\n<p class=\"has-text-color has-link-color has-medium-font-size wp-elements-e54559eb6be2421f7ef6ef897e23eb41\" style=\"color:#be9d6b;font-style:normal;font-weight:400\">lekarz dentysta<\/p>\n\n\n\n<div style=\"height:100px\" aria-hidden=\"true\" class=\"wp-block-spacer\"><\/div>\n\n\t<\/div>\n\n<\/div>\n\n<\/div>\n","protected":false},"excerpt":{"rendered":"","protected":false},"author":2,"featured_media":0,"parent":0,"menu_order":0,"comment_status":"closed","ping_status":"closed","template":"page-templates\/other.php","meta":{"_acf_changed":false,"footnotes":""},"class_list":["post-5630","page","type-page","status-publish","hentry"],"acf":[],"yoast_head":"<!-- This site is optimized with the Yoast SEO plugin v23.9 - https:\/\/yoast.com\/wordpress\/plugins\/seo\/ -->\n<title>Metamorfoza Anny - Titanium Dental<\/title>\n<meta name=\"robots\" content=\"index, follow, max-snippet:-1, max-image-preview:large, max-video-preview:-1\" \/>\n<link rel=\"canonical\" href=\"https:\/\/titaniumdental.pl\/metamorfoza-anny\/\" \/>\n<meta property=\"og:locale\" content=\"en_US\" \/>\n<meta property=\"og:type\" content=\"article\" \/>\n<meta property=\"og:title\" content=\"Metamorfoza Anny - Titanium Dental\" \/>\n<meta property=\"og:url\" content=\"https:\/\/titaniumdental.pl\/metamorfoza-anny\/\" \/>\n<meta property=\"og:site_name\" content=\"Titanium Dental\" \/>\n<meta property=\"og:image\" content=\"https:\/\/titaniumdental.pl\/wp-content\/uploads\/2024\/01\/rectangle.png\" \/>\n<meta name=\"twitter:card\" content=\"summary_large_image\" \/>\n<meta name=\"twitter:label1\" content=\"Est. reading time\" \/>\n\t<meta name=\"twitter:data1\" content=\"3 minutes\" \/>\n<script type=\"application\/ld+json\" class=\"yoast-schema-graph\">{\"@context\":\"https:\/\/schema.org\",\"@graph\":[{\"@type\":\"WebPage\",\"@id\":\"https:\/\/titaniumdental.pl\/metamorfoza-anny\/\",\"url\":\"https:\/\/titaniumdental.pl\/metamorfoza-anny\/\",\"name\":\"Metamorfoza Anny - Titanium Dental\",\"isPartOf\":{\"@id\":\"https:\/\/titaniumdental.pl\/#website\"},\"primaryImageOfPage\":{\"@id\":\"https:\/\/titaniumdental.pl\/metamorfoza-anny\/#primaryimage\"},\"image\":{\"@id\":\"https:\/\/titaniumdental.pl\/metamorfoza-anny\/#primaryimage\"},\"thumbnailUrl\":\"https:\/\/titaniumdental.pl\/wp-content\/uploads\/2024\/01\/rectangle.png\",\"datePublished\":\"2024-01-27T19:05:37+00:00\",\"dateModified\":\"2024-01-27T19:05:37+00:00\",\"breadcrumb\":{\"@id\":\"https:\/\/titaniumdental.pl\/metamorfoza-anny\/#breadcrumb\"},\"inLanguage\":\"en-US\",\"potentialAction\":[{\"@type\":\"ReadAction\",\"target\":[\"https:\/\/titaniumdental.pl\/metamorfoza-anny\/\"]}]},{\"@type\":\"ImageObject\",\"inLanguage\":\"en-US\",\"@id\":\"https:\/\/titaniumdental.pl\/metamorfoza-anny\/#primaryimage\",\"url\":\"https:\/\/titaniumdental.pl\/wp-content\/uploads\/2024\/01\/rectangle.png\",\"contentUrl\":\"https:\/\/titaniumdental.pl\/wp-content\/uploads\/2024\/01\/rectangle.png\"},{\"@type\":\"BreadcrumbList\",\"@id\":\"https:\/\/titaniumdental.pl\/metamorfoza-anny\/#breadcrumb\",\"itemListElement\":[{\"@type\":\"ListItem\",\"position\":1,\"name\":\"Strona g\u0142\u00f3wna\",\"item\":\"https:\/\/titaniumdental.pl\/\"},{\"@type\":\"ListItem\",\"position\":2,\"name\":\"Metamorfoza Anny\"}]},{\"@type\":\"WebSite\",\"@id\":\"https:\/\/titaniumdental.pl\/#website\",\"url\":\"https:\/\/titaniumdental.pl\/\",\"name\":\"Titanium Dental\",\"description\":\"Klinika dentystyczna\",\"publisher\":{\"@id\":\"https:\/\/titaniumdental.pl\/#organization\"},\"potentialAction\":[{\"@type\":\"SearchAction\",\"target\":{\"@type\":\"EntryPoint\",\"urlTemplate\":\"https:\/\/titaniumdental.pl\/?s={search_term_string}\"},\"query-input\":{\"@type\":\"PropertyValueSpecification\",\"valueRequired\":true,\"valueName\":\"search_term_string\"}}],\"inLanguage\":\"en-US\"},{\"@type\":\"Organization\",\"@id\":\"https:\/\/titaniumdental.pl\/#organization\",\"name\":\"Titanium Dental\",\"url\":\"https:\/\/titaniumdental.pl\/\",\"logo\":{\"@type\":\"ImageObject\",\"inLanguage\":\"en-US\",\"@id\":\"https:\/\/titaniumdental.pl\/#\/schema\/logo\/image\/\",\"url\":\"https:\/\/titaniumdental.pl\/wp-content\/uploads\/2020\/02\/titaniumdental-logo.svg\",\"contentUrl\":\"https:\/\/titaniumdental.pl\/wp-content\/uploads\/2020\/02\/titaniumdental-logo.svg\",\"width\":182,\"height\":54,\"caption\":\"Titanium Dental\"},\"image\":{\"@id\":\"https:\/\/titaniumdental.pl\/#\/schema\/logo\/image\/\"}}]}<\/script>\n<!-- \/ Yoast SEO plugin. -->","yoast_head_json":{"title":"Metamorfoza Anny - Titanium Dental","robots":{"index":"index","follow":"follow","max-snippet":"max-snippet:-1","max-image-preview":"max-image-preview:large","max-video-preview":"max-video-preview:-1"},"canonical":"https:\/\/titaniumdental.pl\/metamorfoza-anny\/","og_locale":"en_US","og_type":"article","og_title":"Metamorfoza Anny - Titanium Dental","og_url":"https:\/\/titaniumdental.pl\/metamorfoza-anny\/","og_site_name":"Titanium Dental","og_image":[{"url":"https:\/\/titaniumdental.pl\/wp-content\/uploads\/2024\/01\/rectangle.png"}],"twitter_card":"summary_large_image","twitter_misc":{"Est. reading time":"3 minutes"},"schema":{"@context":"https:\/\/schema.org","@graph":[{"@type":"WebPage","@id":"https:\/\/titaniumdental.pl\/metamorfoza-anny\/","url":"https:\/\/titaniumdental.pl\/metamorfoza-anny\/","name":"Metamorfoza Anny - Titanium Dental","isPartOf":{"@id":"https:\/\/titaniumdental.pl\/#website"},"primaryImageOfPage":{"@id":"https:\/\/titaniumdental.pl\/metamorfoza-anny\/#primaryimage"},"image":{"@id":"https:\/\/titaniumdental.pl\/metamorfoza-anny\/#primaryimage"},"thumbnailUrl":"https:\/\/titaniumdental.pl\/wp-content\/uploads\/2024\/01\/rectangle.png","datePublished":"2024-01-27T19:05:37+00:00","dateModified":"2024-01-27T19:05:37+00:00","breadcrumb":{"@id":"https:\/\/titaniumdental.pl\/metamorfoza-anny\/#breadcrumb"},"inLanguage":"en-US","potentialAction":[{"@type":"ReadAction","target":["https:\/\/titaniumdental.pl\/metamorfoza-anny\/"]}]},{"@type":"ImageObject","inLanguage":"en-US","@id":"https:\/\/titaniumdental.pl\/metamorfoza-anny\/#primaryimage","url":"https:\/\/titaniumdental.pl\/wp-content\/uploads\/2024\/01\/rectangle.png","contentUrl":"https:\/\/titaniumdental.pl\/wp-content\/uploads\/2024\/01\/rectangle.png"},{"@type":"BreadcrumbList","@id":"https:\/\/titaniumdental.pl\/metamorfoza-anny\/#breadcrumb","itemListElement":[{"@type":"ListItem","position":1,"name":"Strona g\u0142\u00f3wna","item":"https:\/\/titaniumdental.pl\/"},{"@type":"ListItem","position":2,"name":"Metamorfoza Anny"}]},{"@type":"WebSite","@id":"https:\/\/titaniumdental.pl\/#website","url":"https:\/\/titaniumdental.pl\/","name":"Titanium Dental","description":"Klinika dentystyczna","publisher":{"@id":"https:\/\/titaniumdental.pl\/#organization"},"potentialAction":[{"@type":"SearchAction","target":{"@type":"EntryPoint","urlTemplate":"https:\/\/titaniumdental.pl\/?s={search_term_string}"},"query-input":{"@type":"PropertyValueSpecification","valueRequired":true,"valueName":"search_term_string"}}],"inLanguage":"en-US"},{"@type":"Organization","@id":"https:\/\/titaniumdental.pl\/#organization","name":"Titanium Dental","url":"https:\/\/titaniumdental.pl\/","logo":{"@type":"ImageObject","inLanguage":"en-US","@id":"https:\/\/titaniumdental.pl\/#\/schema\/logo\/image\/","url":"https:\/\/titaniumdental.pl\/wp-content\/uploads\/2020\/02\/titaniumdental-logo.svg","contentUrl":"https:\/\/titaniumdental.pl\/wp-content\/uploads\/2020\/02\/titaniumdental-logo.svg","width":182,"height":54,"caption":"Titanium Dental"},"image":{"@id":"https:\/\/titaniumdental.pl\/#\/schema\/logo\/image\/"}}]}},"_links":{"self":[{"href":"https:\/\/titaniumdental.pl\/en\/wp-json\/wp\/v2\/pages\/5630"}],"collection":[{"href":"https:\/\/titaniumdental.pl\/en\/wp-json\/wp\/v2\/pages"}],"about":[{"href":"https:\/\/titaniumdental.pl\/en\/wp-json\/wp\/v2\/types\/page"}],"author":[{"embeddable":true,"href":"https:\/\/titaniumdental.pl\/en\/wp-json\/wp\/v2\/users\/2"}],"replies":[{"embeddable":true,"href":"https:\/\/titaniumdental.pl\/en\/wp-json\/wp\/v2\/comments?post=5630"}],"version-history":[{"count":0,"href":"https:\/\/titaniumdental.pl\/en\/wp-json\/wp\/v2\/pages\/5630\/revisions"}],"wp:attachment":[{"href":"https:\/\/titaniumdental.pl\/en\/wp-json\/wp\/v2\/media?parent=5630"}],"curies":[{"name":"wp","href":"https:\/\/api.w.org\/{rel}","templated":true}]}}